{"id":765,"date":"2025-01-08T13:32:44","date_gmt":"2025-01-08T12:32:44","guid":{"rendered":"https:\/\/wppool.abenteuerbox.at\/DA_KV_Linz\/?page_id=765"},"modified":"2025-01-24T12:52:47","modified_gmt":"2025-01-24T11:52:47","slug":"christian-haimel","status":"publish","type":"page","link":"https:\/\/wppool.abenteuerbox.at\/DA_KV_Linz\/?page_id=765","title":{"rendered":"Christian Haimel"},"content":{"rendered":"\t\t<div data-elementor-type=\"wp-page\" data-elementor-id=\"765\" class=\"elementor elementor-765\">\n\t\t\t\t<div class=\"elementor-element elementor-element-0d67e98 e-flex e-con-boxed e-con e-parent\" data-id=\"0d67e98\" data-element_type=\"container\">\n\t\t\t\t\t<div class=\"e-con-inner\">\n\t\t<div class=\"elementor-element elementor-element-b7f3623 e-con-full e-flex e-con e-child\" data-id=\"b7f3623\" data-element_type=\"container\">\n\t\t\t\t<div class=\"elementor-element elementor-element-4157f44 elementor-widget elementor-widget-heading\" data-id=\"4157f44\" data-element_type=\"widget\" data-widget_type=\"heading.default\">\n\t\t\t\t<div class=\"elementor-widget-container\">\n\t\t\t\t\t<h2 class=\"elementor-heading-title elementor-size-default\">Gitarre<\/h2>\t\t\t\t<\/div>\n\t\t\t\t<\/div>\n\t\t\t\t<div class=\"elementor-element elementor-element-17f7e56 elementor-widget elementor-widget-text-editor\" data-id=\"17f7e56\" data-element_type=\"widget\" data-widget_type=\"text-editor.default\">\n\t\t\t\t<div class=\"elementor-widget-container\">\n\t\t\t\t\t\t\t\t\t<p><a href=\"http:\/\/www.christianhaimel.com\/\" target=\"_blank\" rel=\"noopener\">christianhaimel.com<\/a><\/p><p><strong>Auftritte im Linzer Konzertverein:<\/strong><\/p><p>30.11.2022, Herbstkonzert<\/p>\t\t\t\t\t\t\t\t<\/div>\n\t\t\t\t<\/div>\n\t\t\t\t<\/div>\n\t\t<div class=\"elementor-element elementor-element-68675ba e-con-full e-flex e-con e-child\" data-id=\"68675ba\" data-element_type=\"container\">\n\t\t\t\t<div class=\"elementor-element elementor-element-eac5b06 elementor-widget elementor-widget-image\" data-id=\"eac5b06\" data-element_type=\"widget\" data-widget_type=\"image.default\">\n\t\t\t\t<div class=\"elementor-widget-container\">\n\t\t\t\t\t\t\t\t\t\t\t\t\t\t\t<img fetchpriority=\"high\" decoding=\"async\" width=\"950\" height=\"916\" src=\"https:\/\/wppool.abenteuerbox.at\/DA_KV_Linz\/wp-content\/uploads\/2025\/01\/Haimel_Christian-2-1024x987.jpg\" class=\"attachment-large size-large wp-image-6163\" alt=\"\" srcset=\"https:\/\/wppool.abenteuerbox.at\/DA_KV_Linz\/wp-content\/uploads\/2025\/01\/Haimel_Christian-2-1024x987.jpg 1024w, https:\/\/wppool.abenteuerbox.at\/DA_KV_Linz\/wp-content\/uploads\/2025\/01\/Haimel_Christian-2-300x289.jpg 300w, https:\/\/wppool.abenteuerbox.at\/DA_KV_Linz\/wp-content\/uploads\/2025\/01\/Haimel_Christian-2.jpg 1085w\" sizes=\"100vw\" \/>\t\t\t\t\t\t\t\t\t\t\t\t\t\t\t<\/div>\n\t\t\t\t<\/div>\n\t\t\t\t<\/div>\n\t\t<div class=\"elementor-element elementor-element-cd0bb02 e-con-full e-flex e-con e-child\" data-id=\"cd0bb02\" data-element_type=\"container\">\n\t\t\t\t<div class=\"elementor-element elementor-element-6a42822 elementor-widget elementor-widget-text-editor\" data-id=\"6a42822\" data-element_type=\"widget\" data-widget_type=\"text-editor.default\">\n\t\t\t\t<div class=\"elementor-widget-container\">\n\t\t\t\t\t\t\t\t\t<p>Der in Hofkirchen\/Mkr. lebende Gitarrist Christian Haimel hat in den letzten Jahren f\u00fcr viel Aufsehen gesorgt und Zuspruch gefunden wie nur wenige \u00f6sterreichische Gitarristen. Seine ausdrucksstarken und wandlungsf\u00e4higen Interpretationen reichen vom Barock bis hin zur zeitgen\u00f6ssischen Musik.<\/p><p>\u201cI have seen very few young musicians who have impressed me as much as Christian. He is already a beautiful guitar player and I am sure he has a brilliant future.\u201d schw\u00e4rmte der international renommierte Gitarrist David Russell 2006 im Rahmen seines Meisterkurses.<\/p><p>Die Tageszeitung \u201cDie Presse\u201d schrieb weiters nach Christian Haimels Konzert im Wiener Konzerthaus im Jahr 2001 \u201eDass ein Gitarrist f\u00fcr atemlose Stille in einem Wiener Konzertsaal sorgt ist wei\u00df Gott nicht allt\u00e4glich. Der 19-j\u00e4hrige Christian Haimel hat es geschafft \u2026 er zaubert fein differenzierte Farben und Stimmungen \u2026 er bringt sein Instrument zum Singen.\u201c<\/p><p>Christian Haimels Weg als Musiker hat sich bereits fr\u00fch abgezeichnet. Nach erstem Unterricht bei Josef Waidhofer im Alter von sechs Jahren wechselte er an die Anton Bruckner Privatuniversit\u00e4t zu Prof. Marianne Waidhofer. 2007 schloss er das k\u00fcnstlerische Studium \u201eMaster of Arts\u201c sowie 2010 das p\u00e4dagogische Fach \u201eBachelor of Arts\u201c jeweils mit ausgezeichnetem Erfolg ab.<\/p><p>2014 absolvierte er ein postgraduales Studium \u201eM\u00e1ster en Interpretati\u00f3n de Guitarra Clasica\u201c mit Auszeichnung in Alicante, Spanien. Auch Meisterkurse bei international renommierten Gitarristen, wie David Russell, Manuel Barrueco, Leo Brouwer, Pepe Romero, Abel Carlevaro, Oscar Ghiglia, Hopkinson Smith, Roberto Aussel, Aniello Desiderio, Alvaro Pierri, Zoran Dukic, Carlo Marchione haben w\u00e4hrend der Studien zur Fortbildung beigetragen.<\/p><p>Sein Bestreben nach internationalem Pr\u00e4senz wurde bereits mit mehreren Preisen bei anerkannten Gitarrenwettbewerben ausgezeichnet, so z.B. in Kutna Hora \/CZ, Weimar \/D, Bath \/GB, Wien, Salzburg, Linz, Rust, Kreta \/GR, Kiev \/UA. Christian Haimel ist als Dozent, Solo- oder Kammermusiker bei internationalen Festivals, wie etwa in Deutschland, Tschechien, der USA, Chile, Korea, Polen, Ukraine, Russland und auch in \u00d6sterreich anzutreffen. Neben seinen k\u00fcnstlerischen Aktivit\u00e4ten ist er als Gitarrenp\u00e4dagoge an der St\u00e4dtischen Musikschule Linz t\u00e4tig, wo er bereits Preistr\u00e4ger bei \u201ePrima la Musica\u201c hervorbrachte. Im Studienjahr 2012\/13 war er vertretend als Universit\u00e4tslehrer einer Gitarrenklasse an der Anton Bruckner Privatuniversit\u00e4t Linz t\u00e4tig.<\/p><p>Im Dezember 2007 erschien seine erste CD mit Werken von Mauro Giuliani, Manuel Maria Ponce, William Walton und einer Ersteinspielung von Jan Truhl\u00e1r. Die Deb\u00fct-CD von Christian Haimel sorgte f\u00fcr viel Aufsehen und Aufhorchen im In- und Ausland und wurde auch mit dem \u201ePasticcio Preis\u201c von ORF \u00d61 gew\u00fcrdigt.<\/p><p>Seine aktuelle zweite CD \u201eViaje \u2013 eine Reise durch Spanien\u201c, ist ein weiterer Meilenstein auf seinem ereignisreichen Lebensweg. Die n\u00e4chste CD mit dem Titel \u201eBad Kreuzener Idyllen\u201c von Jan Truhlar wird im September 2017 erscheinen.<\/p><p>(2018)<\/p>\t\t\t\t\t\t\t\t<\/div>\n\t\t\t\t<\/div>\n\t\t\t\t<div class=\"elementor-element elementor-element-d6085e1 elementor-widget elementor-widget-text-editor\" data-id=\"d6085e1\" data-element_type=\"widget\" data-widget_type=\"text-editor.default\">\n\t\t\t\t<div class=\"elementor-widget-container\">\n\t\t\t\t\t\t\t\t\t<p style=\"text-align: right;\">\n<a href=\"javascript:history.back();\">Zur\u00fcck<\/a>\n<\/p>\t\t\t\t\t\t\t\t<\/div>\n\t\t\t\t<\/div>\n\t\t\t\t<\/div>\n\t\t\t\t\t<\/div>\n\t\t\t\t<\/div>\n\t\t\t\t<\/div>\n\t\t","protected":false},"excerpt":{"rendered":"<p>Gitarre christianhaimel.com Auftritte im Linzer Konzertverein: 30.11.2022, Herbstkonzert Der in Hofkirchen\/Mkr. lebende Gitarrist Christian Haimel hat in den letzten Jahren f\u00fcr viel Aufsehen gesorgt und Zuspruch gefunden wie nur wenige \u00f6sterreichische Gitarristen. Seine ausdrucksstarken und wandlungsf\u00e4higen Interpretationen reichen vom Barock bis hin zur zeitgen\u00f6ssischen Musik. \u201cI have seen very few young musicians who have impressed &hellip; <\/p>\n<p class=\"link-more\"><a href=\"https:\/\/wppool.abenteuerbox.at\/DA_KV_Linz\/?page_id=765\" class=\"more-link\">Read more<span class=\"screen-reader-text\"> &#8222;Christian Haimel&#8220;<\/span><\/a><\/p>\n","protected":false},"author":1,"featured_media":0,"parent":0,"menu_order":0,"comment_status":"closed","ping_status":"closed","template":"","meta":{"inspiro_hide_title":false,"footnotes":""},"class_list":["post-765","page","type-page","status-publish","hentry"],"_links":{"self":[{"href":"https:\/\/wppool.abenteuerbox.at\/DA_KV_Linz\/index.php?rest_route=\/wp\/v2\/pages\/765","targetHints":{"allow":["GET"]}}],"collection":[{"href":"https:\/\/wppool.abenteuerbox.at\/DA_KV_Linz\/index.php?rest_route=\/wp\/v2\/pages"}],"about":[{"href":"https:\/\/wppool.abenteuerbox.at\/DA_KV_Linz\/index.php?rest_route=\/wp\/v2\/types\/page"}],"author":[{"embeddable":true,"href":"https:\/\/wppool.abenteuerbox.at\/DA_KV_Linz\/index.php?rest_route=\/wp\/v2\/users\/1"}],"replies":[{"embeddable":true,"href":"https:\/\/wppool.abenteuerbox.at\/DA_KV_Linz\/index.php?rest_route=%2Fwp%2Fv2%2Fcomments&post=765"}],"version-history":[{"count":28,"href":"https:\/\/wppool.abenteuerbox.at\/DA_KV_Linz\/index.php?rest_route=\/wp\/v2\/pages\/765\/revisions"}],"predecessor-version":[{"id":6346,"href":"https:\/\/wppool.abenteuerbox.at\/DA_KV_Linz\/index.php?rest_route=\/wp\/v2\/pages\/765\/revisions\/6346"}],"wp:attachment":[{"href":"https:\/\/wppool.abenteuerbox.at\/DA_KV_Linz\/index.php?rest_route=%2Fwp%2Fv2%2Fmedia&parent=765"}],"curies":[{"name":"wp","href":"https:\/\/api.w.org\/{rel}","templated":true}]}}