{"id":906,"date":"2025-01-10T12:19:59","date_gmt":"2025-01-10T11:19:59","guid":{"rendered":"https:\/\/wppool.abenteuerbox.at\/DA_KV_Linz\/?page_id=906"},"modified":"2025-01-24T16:45:02","modified_gmt":"2025-01-24T15:45:02","slug":"clemens-zeilinger","status":"publish","type":"page","link":"https:\/\/wppool.abenteuerbox.at\/DA_KV_Linz\/?page_id=906","title":{"rendered":"Clemens Zeilinger"},"content":{"rendered":"\t\t<div data-elementor-type=\"wp-page\" data-elementor-id=\"906\" class=\"elementor elementor-906\">\n\t\t\t\t<div class=\"elementor-element elementor-element-d01f9da e-flex e-con-boxed e-con e-parent\" data-id=\"d01f9da\" data-element_type=\"container\">\n\t\t\t\t\t<div class=\"e-con-inner\">\n\t\t<div class=\"elementor-element elementor-element-f736d8f e-con-full e-flex e-con e-child\" data-id=\"f736d8f\" data-element_type=\"container\">\n\t\t\t\t<div class=\"elementor-element elementor-element-b4058da elementor-widget elementor-widget-heading\" data-id=\"b4058da\" data-element_type=\"widget\" data-widget_type=\"heading.default\">\n\t\t\t\t<div class=\"elementor-widget-container\">\n\t\t\t\t\t<h2 class=\"elementor-heading-title elementor-size-default\">Klavier<\/h2>\t\t\t\t<\/div>\n\t\t\t\t<\/div>\n\t\t\t\t<div class=\"elementor-element elementor-element-645d39c elementor-widget elementor-widget-text-editor\" data-id=\"645d39c\" data-element_type=\"widget\" data-widget_type=\"text-editor.default\">\n\t\t\t\t<div class=\"elementor-widget-container\">\n\t\t\t\t\t\t\t\t\t<p><a href=\"http:\/\/clemenszeilinger.com\/de\/clemens-zeilinger\/\" target=\"_blank\" rel=\"noopener\">clemenszeilinger.com<\/a><\/p><p><strong>Auftritte im Linzer Konzertverein:<\/strong><\/p><p>04.12.2019, Festkonzert<br \/>30.11.2011, Sinfoniekonzert<br \/>30.11.1994, Festkonzert 75 Jahre Linzer Konzertverein<\/p>\t\t\t\t\t\t\t\t<\/div>\n\t\t\t\t<\/div>\n\t\t\t\t<\/div>\n\t\t<div class=\"elementor-element elementor-element-825e654 e-con-full e-flex e-con e-child\" data-id=\"825e654\" data-element_type=\"container\">\n\t\t\t\t<div class=\"elementor-element elementor-element-90fc018 elementor-widget elementor-widget-image\" data-id=\"90fc018\" data-element_type=\"widget\" data-widget_type=\"image.default\">\n\t\t\t\t<div class=\"elementor-widget-container\">\n\t\t\t\t\t\t\t\t\t\t\t\t\t\t\t<img fetchpriority=\"high\" decoding=\"async\" width=\"783\" height=\"1024\" src=\"https:\/\/wppool.abenteuerbox.at\/DA_KV_Linz\/wp-content\/uploads\/2025\/01\/Zeilinger_Clemens-1-783x1024.jpg\" class=\"attachment-large size-large wp-image-6216\" alt=\"\" srcset=\"https:\/\/wppool.abenteuerbox.at\/DA_KV_Linz\/wp-content\/uploads\/2025\/01\/Zeilinger_Clemens-1-783x1024.jpg 783w, https:\/\/wppool.abenteuerbox.at\/DA_KV_Linz\/wp-content\/uploads\/2025\/01\/Zeilinger_Clemens-1-229x300.jpg 229w, https:\/\/wppool.abenteuerbox.at\/DA_KV_Linz\/wp-content\/uploads\/2025\/01\/Zeilinger_Clemens-1.jpg 800w\" sizes=\"100vw\" \/>\t\t\t\t\t\t\t\t\t\t\t\t\t\t\t<\/div>\n\t\t\t\t<\/div>\n\t\t\t\t<\/div>\n\t\t<div class=\"elementor-element elementor-element-2e1424b e-con-full e-flex e-con e-child\" data-id=\"2e1424b\" data-element_type=\"container\">\n\t\t\t\t<div class=\"elementor-element elementor-element-576f7a1 elementor-widget elementor-widget-text-editor\" data-id=\"576f7a1\" data-element_type=\"widget\" data-widget_type=\"text-editor.default\">\n\t\t\t\t<div class=\"elementor-widget-container\">\n\t\t\t\t\t\t\t\t\t<p>Clemens Zeilinger ist Preistr\u00e4ger vieler Wettbewerbe, z.B. des Europ\u00e4ischen Kammermusik-Wettbewerbs in Den Haag, Gewinner des Europ\u00e4ischen Jugend-Musik-Preises f\u00fcr Klavier-Solo in Antwerpen, mehrfacher B\u00f6sendorfer-Stipendiat, Gewinner des Heydner-Klavier-Wettbewerbes Wien und Preistr\u00e4ger beim Internationalen Beethoven Wettbewerb in Wien 2001. Er spielte 2008 s\u00e4mtliche Sonaten von Ludwig van Beethoven im Brucknerhaus Linz, 2010 widmete er sich dort einem Schubert-Schwerpunkt mit einem eigenen Zyklus. Clemens Zeilinger war danach \u201eArtist in Residence\u201c des Brucknerhauses und \u201eArtist of the Year&#8220; des Klassik-Radio-Senders \u00d61.<\/p><p>In Wien geboren, studierte Zeilinger zun\u00e4chst am Brucknerkonservatorium Linz, sp\u00e4ter an der Universit\u00e4t f\u00fcr Musik Wien. Zu seinen Lehrern z\u00e4hlten Roland Keller, Peter Barcaba, Heinz Medjimorec, Georg Ebert (Kammermusik) und Anton Voigt. Erg\u00e4nzend besuchte er Meisterkurse von Leonard Hokanson, Oleg Maisenberg, Ludwig Hoffmann und Andrzej Jasinski. Ebenfalls absolvierte er am Bruckner-Konservatorium ein Musiktheorie Studium bei Gunther Waldek, sowie einen Lehrgang f\u00fcr \u201eAtem-, Stimm- und Bewegungserziehung\u201c bei Dr. Bernhard Riebl \u2013 dabei konnte er Erfahrungen zum Thema K\u00f6rperarbeit mit Musikern sammeln, die auch in seiner Unterrichts-T\u00e4tigkeit einflie\u00dfen.<\/p><p>Konzerte f\u00fchrten ihn durch ganz Europa, in die USA, nach Japan, Korea, Marocco, in den Iran und in den Oman. Als Solist konnte er mit vielen renommierten Orchestern zusammenarbeiten (Mozarteum Orchester Salzburg, N\u00d6. Tonk\u00fcnstler, Orchestra of the Royal Academy London, Brucknerorchester Linz, S\u00fcdb\u00f6hmische Philharmonie, Philharmonie Zagreb, Spirit of Europe). Einen gro\u00dfen Teil seiner k\u00fcnstlerischen T\u00e4tigkeit widmet er der Kammermusik (Mitglied des Klaviertrios \u201eTrioVanBeethoven\u201c, gemeinsam mit Verena Stourzh und Franz Ortner) und der Liedbegleitung (regelm\u00e4\u00dfige Zusammenarbeit mit Anna Maria Pammer, Michaela Selinger, Andreas Lebeda, Helena Dearing u.a.), \u00d61-Pasticcio-Preis im November 2013 f\u00fcr die Einspielung von Verlaine-Vertonungen mit Anna Maria Pammer, sowie \u00d61 Pasticcio-Preis f\u00fcr die Komplett-Einspielung aller Klaviertrios von Ludwig van Beethoven. Regelm\u00e4\u00dfig wirkte er auch im Klangforum Wien mit. Seit 2013 rege Zusammenarbeit mit dem Cellisten Matthias Bartolomey: CD Einspielung mit Werken von Previn, Schostakowitsch und Berauer beim Label ARS.<\/p><p>Von 2013 bis 2015 war Clemens Zeilinger der k\u00fcnstlerische Leiter des &#8222;Musiksommers Kremstal-Phyrn&#8220; , 2014 \u00fcbernahm er die Intendanz des &#8222;Klassik-Musik-Fest-M\u00fchlviertel&#8220; (www.klassikfest.at) in Oberneukirchen.<\/p><p>Clemens Zeilinger unterrichtet an der Universit\u00e4t f\u00fcr Musik in Wien und an der Anton-Bruckner-Universit\u00e4t Linz.<\/p><p>(2019)<\/p>\t\t\t\t\t\t\t\t<\/div>\n\t\t\t\t<\/div>\n\t\t\t\t<div class=\"elementor-element elementor-element-5139237 elementor-widget elementor-widget-text-editor\" data-id=\"5139237\" data-element_type=\"widget\" data-widget_type=\"text-editor.default\">\n\t\t\t\t<div class=\"elementor-widget-container\">\n\t\t\t\t\t\t\t\t\t<p style=\"text-align: right;\">\n<a href=\"javascript:history.back();\">Zur\u00fcck<\/a>\n<\/p>\t\t\t\t\t\t\t\t<\/div>\n\t\t\t\t<\/div>\n\t\t\t\t<\/div>\n\t\t\t\t\t<\/div>\n\t\t\t\t<\/div>\n\t\t\t\t<\/div>\n\t\t","protected":false},"excerpt":{"rendered":"<p>Klavier clemenszeilinger.com Auftritte im Linzer Konzertverein: 04.12.2019, Festkonzert30.11.2011, Sinfoniekonzert30.11.1994, Festkonzert 75 Jahre Linzer Konzertverein Clemens Zeilinger ist Preistr\u00e4ger vieler Wettbewerbe, z.B. des Europ\u00e4ischen Kammermusik-Wettbewerbs in Den Haag, Gewinner des Europ\u00e4ischen Jugend-Musik-Preises f\u00fcr Klavier-Solo in Antwerpen, mehrfacher B\u00f6sendorfer-Stipendiat, Gewinner des Heydner-Klavier-Wettbewerbes Wien und Preistr\u00e4ger beim Internationalen Beethoven Wettbewerb in Wien 2001. Er spielte 2008 s\u00e4mtliche Sonaten &hellip; <\/p>\n<p class=\"link-more\"><a href=\"https:\/\/wppool.abenteuerbox.at\/DA_KV_Linz\/?page_id=906\" class=\"more-link\">Read more<span class=\"screen-reader-text\"> &#8222;Clemens Zeilinger&#8220;<\/span><\/a><\/p>\n","protected":false},"author":1,"featured_media":0,"parent":0,"menu_order":0,"comment_status":"closed","ping_status":"closed","template":"","meta":{"inspiro_hide_title":false,"footnotes":""},"class_list":["post-906","page","type-page","status-publish","hentry"],"_links":{"self":[{"href":"https:\/\/wppool.abenteuerbox.at\/DA_KV_Linz\/index.php?rest_route=\/wp\/v2\/pages\/906","targetHints":{"allow":["GET"]}}],"collection":[{"href":"https:\/\/wppool.abenteuerbox.at\/DA_KV_Linz\/index.php?rest_route=\/wp\/v2\/pages"}],"about":[{"href":"https:\/\/wppool.abenteuerbox.at\/DA_KV_Linz\/index.php?rest_route=\/wp\/v2\/types\/page"}],"author":[{"embeddable":true,"href":"https:\/\/wppool.abenteuerbox.at\/DA_KV_Linz\/index.php?rest_route=\/wp\/v2\/users\/1"}],"replies":[{"embeddable":true,"href":"https:\/\/wppool.abenteuerbox.at\/DA_KV_Linz\/index.php?rest_route=%2Fwp%2Fv2%2Fcomments&post=906"}],"version-history":[{"count":22,"href":"https:\/\/wppool.abenteuerbox.at\/DA_KV_Linz\/index.php?rest_route=\/wp\/v2\/pages\/906\/revisions"}],"predecessor-version":[{"id":6352,"href":"https:\/\/wppool.abenteuerbox.at\/DA_KV_Linz\/index.php?rest_route=\/wp\/v2\/pages\/906\/revisions\/6352"}],"wp:attachment":[{"href":"https:\/\/wppool.abenteuerbox.at\/DA_KV_Linz\/index.php?rest_route=%2Fwp%2Fv2%2Fmedia&parent=906"}],"curies":[{"name":"wp","href":"https:\/\/api.w.org\/{rel}","templated":true}]}}