{"id":918,"date":"2025-01-10T12:25:27","date_gmt":"2025-01-10T11:25:27","guid":{"rendered":"https:\/\/wppool.abenteuerbox.at\/DA_KV_Linz\/?page_id=918"},"modified":"2025-01-24T16:45:53","modified_gmt":"2025-01-24T15:45:53","slug":"regina-riel","status":"publish","type":"page","link":"https:\/\/wppool.abenteuerbox.at\/DA_KV_Linz\/?page_id=918","title":{"rendered":"Regina Riel"},"content":{"rendered":"\t\t<div data-elementor-type=\"wp-page\" data-elementor-id=\"918\" class=\"elementor elementor-918\">\n\t\t\t\t<div class=\"elementor-element elementor-element-4b17aa9 e-flex e-con-boxed e-con e-parent\" data-id=\"4b17aa9\" data-element_type=\"container\">\n\t\t\t\t\t<div class=\"e-con-inner\">\n\t\t<div class=\"elementor-element elementor-element-ac0eeb3 e-con-full e-flex e-con e-child\" data-id=\"ac0eeb3\" data-element_type=\"container\">\n\t\t\t\t<div class=\"elementor-element elementor-element-9c80e3f elementor-widget elementor-widget-heading\" data-id=\"9c80e3f\" data-element_type=\"widget\" data-widget_type=\"heading.default\">\n\t\t\t\t<div class=\"elementor-widget-container\">\n\t\t\t\t\t<h2 class=\"elementor-heading-title elementor-size-default\">1. Sporan<\/h2>\t\t\t\t<\/div>\n\t\t\t\t<\/div>\n\t\t\t\t<div class=\"elementor-element elementor-element-5ca27b4 elementor-widget elementor-widget-text-editor\" data-id=\"5ca27b4\" data-element_type=\"widget\" data-widget_type=\"text-editor.default\">\n\t\t\t\t<div class=\"elementor-widget-container\">\n\t\t\t\t\t\t\t\t\t<p><a href=\"http:\/\/www.reginariel.com\/\" target=\"_blank\" rel=\"noopener\">reginariel.com<\/a><\/p><p><strong>Auftritte im Linzer Konzertverein:<\/strong><\/p><p>04.12.2019, Festkonzert<\/p>\t\t\t\t\t\t\t\t<\/div>\n\t\t\t\t<\/div>\n\t\t\t\t<\/div>\n\t\t<div class=\"elementor-element elementor-element-d56b6c6 e-con-full e-flex e-con e-child\" data-id=\"d56b6c6\" data-element_type=\"container\">\n\t\t\t\t<div class=\"elementor-element elementor-element-90c89d5 elementor-widget elementor-widget-image\" data-id=\"90c89d5\" data-element_type=\"widget\" data-widget_type=\"image.default\">\n\t\t\t\t<div class=\"elementor-widget-container\">\n\t\t\t\t\t\t\t\t\t\t\t\t\t\t\t<img fetchpriority=\"high\" decoding=\"async\" width=\"320\" height=\"467\" src=\"https:\/\/wppool.abenteuerbox.at\/DA_KV_Linz\/wp-content\/uploads\/2025\/01\/Riel_Regina-1.jpg\" class=\"attachment-large size-large wp-image-6196\" alt=\"\" srcset=\"https:\/\/wppool.abenteuerbox.at\/DA_KV_Linz\/wp-content\/uploads\/2025\/01\/Riel_Regina-1.jpg 320w, https:\/\/wppool.abenteuerbox.at\/DA_KV_Linz\/wp-content\/uploads\/2025\/01\/Riel_Regina-1-206x300.jpg 206w\" sizes=\"100vw\" \/>\t\t\t\t\t\t\t\t\t\t\t\t\t\t\t<\/div>\n\t\t\t\t<\/div>\n\t\t\t\t<\/div>\n\t\t<div class=\"elementor-element elementor-element-ca02e16 e-con-full e-flex e-con e-child\" data-id=\"ca02e16\" data-element_type=\"container\">\n\t\t\t\t<div class=\"elementor-element elementor-element-95d3c9d elementor-widget elementor-widget-text-editor\" data-id=\"95d3c9d\" data-element_type=\"widget\" data-widget_type=\"text-editor.default\">\n\t\t\t\t<div class=\"elementor-widget-container\">\n\t\t\t\t\t\t\t\t\t<p>Regina Riel, \u00f6sterreichische Sopranistin; Studium an der Anton Bruckner Privatuniversit\u00e4t Linz bei Dagmar H\u00f6dl, William Mason, Katerina Beranova, Robert Holzer und Kurt Azesberger; 2013 mit Auszeichnung abgeschlossen.<br \/><br \/>Engagements: Stadttheater Bad Hall, Wiener Kammeroper, Volkstheater Rostock, Leh\u00e1r Festival Bad Ischl, Oper Graz, B\u00fchne Baden, Konzerthaus Wien, Brucknerhaus Linz.<br \/><br \/>Aus dem Opernrepertoire seien genannt: Euridice in \u201eOrpheus und Euridice\u201c (Gluck), Fiordiligi in \u201eCos\u00ec fan tutte\u201c (Mozart), Pamina und Erste Dame in \u201eDie Zauberfl\u00f6te\u201c (Mozart), Mutter in \u201eH\u00e4nsel und Gretel\u201c (Humperdinck), Gr\u00e4fin in \u201eDie Hochzeit des Figaro\u201c (Mozart), Agathe in &#8222;Der Freisch\u00fctz&#8220; (Carl Maria von Weber).<br \/><br \/>Aus dem Operettenfach seien genannt: Ang\u00e9le Didier in \u201eDer Graf von Luxemburg\u201c (Leh\u00e1r), Janka in \u201eDie ungarische Hochzeit\u201c (Dostal), Rosalinde in \u201eDie Fledermaus\u201c (Strauss), F\u00fcrstin Fedora Palinska in \u201eDie Zirkusprinzessin\u201c (K\u00e0lm\u00e0n), Hanna Glawari in \u201eDie lustige Witwe\u201c (Leh\u00e1r), Laura in \u201eDer Bettelstudent\u201c (Mill\u00f6cker), Saffi in \u201eDer Zigeunerbaron\u201c (Strauss), sowie Kurf\u00fcrstin Marie in \u201eDer Vogelh\u00e4ndler\u201c (Zeller). Im Winter 2019 verk\u00f6rpert sie erstmals die Rolle der F\u00fcrstin Lydia Uschakoff in der Operette \u201eFatinitza\u201c von Franz von Supp\u00e8 an der B\u00fchne Baden.<br \/><br \/>Aus dem Konzertrepertoire seien erw\u00e4hnt: Carmina Burana (Orff), Die Jahreszeiten (Haydn), Te Deum (Charpentiers), Stabat Mater (Rossini), Te Deum (Bruckner), Lobgesang (Mendelssohn), 9. Sinfonie (Beethoven), Wesendonk-Lieder (Wagner), 7 fr\u00fche Lieder (Berg) und vieles mehr.<br \/><br \/>Mitglied in der \u00d61-Talenteb\u00f6rse, Preistr\u00e4gerin des \u201eGradus ad Parnassum 2009\u201c, Tr\u00e4gerin des \u201eRichard\u2013Wagner\u2013Stipendiums 2011\u201c, des \u201eEdith Rebhahn-Stipendiums 2011\u201c, Preistr\u00e4gerin des \u201eProf. Dichler Wettbewerb 2013\u201c und Finalistin beim internationalen Gesangswettbewerb \u201eCompetizione dell\u00b4opera\u201c in Taschkent (Usbekistan) 2014.<br \/><br \/>(2019)<\/p>\t\t\t\t\t\t\t\t<\/div>\n\t\t\t\t<\/div>\n\t\t\t\t<div class=\"elementor-element elementor-element-f5e153e elementor-widget elementor-widget-text-editor\" data-id=\"f5e153e\" data-element_type=\"widget\" data-widget_type=\"text-editor.default\">\n\t\t\t\t<div class=\"elementor-widget-container\">\n\t\t\t\t\t\t\t\t\t<p style=\"text-align: right;\">\n<a href=\"javascript:history.back();\">Zur\u00fcck<\/a>\n<\/p>\t\t\t\t\t\t\t\t<\/div>\n\t\t\t\t<\/div>\n\t\t\t\t<\/div>\n\t\t\t\t\t<\/div>\n\t\t\t\t<\/div>\n\t\t\t\t<\/div>\n\t\t","protected":false},"excerpt":{"rendered":"<p>1. Sporan reginariel.com Auftritte im Linzer Konzertverein: 04.12.2019, Festkonzert Regina Riel, \u00f6sterreichische Sopranistin; Studium an der Anton Bruckner Privatuniversit\u00e4t Linz bei Dagmar H\u00f6dl, William Mason, Katerina Beranova, Robert Holzer und Kurt Azesberger; 2013 mit Auszeichnung abgeschlossen. Engagements: Stadttheater Bad Hall, Wiener Kammeroper, Volkstheater Rostock, Leh\u00e1r Festival Bad Ischl, Oper Graz, B\u00fchne Baden, Konzerthaus Wien, Brucknerhaus &hellip; <\/p>\n<p class=\"link-more\"><a href=\"https:\/\/wppool.abenteuerbox.at\/DA_KV_Linz\/?page_id=918\" class=\"more-link\">Read more<span class=\"screen-reader-text\"> &#8222;Regina Riel&#8220;<\/span><\/a><\/p>\n","protected":false},"author":1,"featured_media":0,"parent":0,"menu_order":0,"comment_status":"closed","ping_status":"closed","template":"","meta":{"inspiro_hide_title":false,"footnotes":""},"class_list":["post-918","page","type-page","status-publish","hentry"],"_links":{"self":[{"href":"https:\/\/wppool.abenteuerbox.at\/DA_KV_Linz\/index.php?rest_route=\/wp\/v2\/pages\/918","targetHints":{"allow":["GET"]}}],"collection":[{"href":"https:\/\/wppool.abenteuerbox.at\/DA_KV_Linz\/index.php?rest_route=\/wp\/v2\/pages"}],"about":[{"href":"https:\/\/wppool.abenteuerbox.at\/DA_KV_Linz\/index.php?rest_route=\/wp\/v2\/types\/page"}],"author":[{"embeddable":true,"href":"https:\/\/wppool.abenteuerbox.at\/DA_KV_Linz\/index.php?rest_route=\/wp\/v2\/users\/1"}],"replies":[{"embeddable":true,"href":"https:\/\/wppool.abenteuerbox.at\/DA_KV_Linz\/index.php?rest_route=%2Fwp%2Fv2%2Fcomments&post=918"}],"version-history":[{"count":22,"href":"https:\/\/wppool.abenteuerbox.at\/DA_KV_Linz\/index.php?rest_route=\/wp\/v2\/pages\/918\/revisions"}],"predecessor-version":[{"id":6355,"href":"https:\/\/wppool.abenteuerbox.at\/DA_KV_Linz\/index.php?rest_route=\/wp\/v2\/pages\/918\/revisions\/6355"}],"wp:attachment":[{"href":"https:\/\/wppool.abenteuerbox.at\/DA_KV_Linz\/index.php?rest_route=%2Fwp%2Fv2%2Fmedia&parent=918"}],"curies":[{"name":"wp","href":"https:\/\/api.w.org\/{rel}","templated":true}]}}