{"id":933,"date":"2025-01-10T12:32:26","date_gmt":"2025-01-10T11:32:26","guid":{"rendered":"https:\/\/wppool.abenteuerbox.at\/DA_KV_Linz\/?page_id=933"},"modified":"2025-01-24T16:48:56","modified_gmt":"2025-01-24T15:48:56","slug":"isabell-czarnecki","status":"publish","type":"page","link":"https:\/\/wppool.abenteuerbox.at\/DA_KV_Linz\/?page_id=933","title":{"rendered":"Isabell Czarnecki"},"content":{"rendered":"\t\t<div data-elementor-type=\"wp-page\" data-elementor-id=\"933\" class=\"elementor elementor-933\">\n\t\t\t\t<div class=\"elementor-element elementor-element-9861669 e-con-full e-flex e-con e-parent\" data-id=\"9861669\" data-element_type=\"container\">\n\t\t<div class=\"elementor-element elementor-element-4fdb9e0 e-con-full e-flex e-con e-child\" data-id=\"4fdb9e0\" data-element_type=\"container\">\n\t\t\t\t<div class=\"elementor-element elementor-element-53d31f8 elementor-widget elementor-widget-heading\" data-id=\"53d31f8\" data-element_type=\"widget\" data-widget_type=\"heading.default\">\n\t\t\t\t<div class=\"elementor-widget-container\">\n\t\t\t\t\t<h2 class=\"elementor-heading-title elementor-size-default\">Alt<\/h2>\t\t\t\t<\/div>\n\t\t\t\t<\/div>\n\t\t\t\t<div class=\"elementor-element elementor-element-7d62d56 elementor-widget elementor-widget-text-editor\" data-id=\"7d62d56\" data-element_type=\"widget\" data-widget_type=\"text-editor.default\">\n\t\t\t\t<div class=\"elementor-widget-container\">\n\t\t\t\t\t\t\t\t\t<p><a href=\"http:\/\/www.isabell-czarnecki.at\/\" target=\"_blank\" rel=\"noopener\">isabell-czarnecki.at<\/a><\/p><p><strong>Auftritte im Linzer Konzertverein:<\/strong><\/p><p>04.12.2019, Festkonzert<\/p>\t\t\t\t\t\t\t\t<\/div>\n\t\t\t\t<\/div>\n\t\t\t\t<\/div>\n\t\t<div class=\"elementor-element elementor-element-061d17a e-con-full e-flex e-con e-child\" data-id=\"061d17a\" data-element_type=\"container\">\n\t\t\t\t<div class=\"elementor-element elementor-element-0fa9a6a elementor-widget elementor-widget-image\" data-id=\"0fa9a6a\" data-element_type=\"widget\" data-widget_type=\"image.default\">\n\t\t\t\t<div class=\"elementor-widget-container\">\n\t\t\t\t\t\t\t\t\t\t\t\t\t\t\t<img fetchpriority=\"high\" decoding=\"async\" width=\"320\" height=\"472\" src=\"https:\/\/wppool.abenteuerbox.at\/DA_KV_Linz\/wp-content\/uploads\/2025\/01\/Czarnecki_Isabell-1.jpg\" class=\"attachment-large size-large wp-image-6147\" alt=\"\" srcset=\"https:\/\/wppool.abenteuerbox.at\/DA_KV_Linz\/wp-content\/uploads\/2025\/01\/Czarnecki_Isabell-1.jpg 320w, https:\/\/wppool.abenteuerbox.at\/DA_KV_Linz\/wp-content\/uploads\/2025\/01\/Czarnecki_Isabell-1-203x300.jpg 203w\" sizes=\"100vw\" \/>\t\t\t\t\t\t\t\t\t\t\t\t\t\t\t<\/div>\n\t\t\t\t<\/div>\n\t\t\t\t<\/div>\n\t\t<div class=\"elementor-element elementor-element-5bd83a2 e-con-full e-flex e-con e-child\" data-id=\"5bd83a2\" data-element_type=\"container\">\n\t\t\t\t<div class=\"elementor-element elementor-element-1aac448 elementor-widget elementor-widget-text-editor\" data-id=\"1aac448\" data-element_type=\"widget\" data-widget_type=\"text-editor.default\">\n\t\t\t\t<div class=\"elementor-widget-container\">\n\t\t\t\t\t\t\t\t\t<p>Die in Salzburg geborene Mezzosopranistin Isabell Czarnecki erhielt seit ihrem 5. Lebensjahr Klavierunterricht. Sie studierte Gesangsp\u00e4dagogik mit Schwerpunkt Klavier an der Universit\u00e4t Mozarteum Salzburg bei Heather Hartinger und Konzertfach Gesang an der Anton Bruckner Privatuniversit\u00e4t in Linz, vorerst bei Ulrike Sych, sp\u00e4ter bei Christa Ratzenb\u00f6ck. Beide Studien absolvierte sie mit Auszeichnung. Zahlreiche Meisterkurse, u.a. bei KS Brigitte Fassbaender, Prof. Rudolf Piernay, Robert McIver, Snezana Stamenkovi\u0107 und Robert Holzer, f\u00fchrten sie nach Salzburg, Wien, Deutschland, Italien und in die USA.<\/p><p>Im Sommer 2014 sang sie in zwei Urauff\u00fchrungen von dem ober\u00f6sterreichischen Komponisten Gunter Waldek, die Partie der Mesnerin in der zeitgen\u00f6ssischen Oper Schatten im Dorf im Landestheater Linz und den Liederzyklus Nachtlieder bei den Gmundner Festwochen. Im April-Mai 2015 war sie am Landestheater Linz als Disinganno in H\u00e4ndels Oper Il Trionfo del Tempo e del Disinganno zu sehen. Am Salzburger Landestheater deb\u00fctierte sie im Juni 2016 in der Hauptrolle der Madame Zentralmatura in einer Urauff\u00fchrung der Oper Der Kuss der Kaiserin von Marco Lemke.<\/p><p>Die Mezzosopranistin ist regelm\u00e4\u00dfig im Konzert zu erleben und ihre Auftritte umfassen ein vielseitiges Repertoire. Sowohl sakrale Werke, als auch der Liedgesang liegen ihr sehr am Herzen und brachten sie u.a. nach Salzburg, Wien, Linz, Hannover, S\u00fcdtirol, Florenz, Rom, Bischofshofen, Schwarzach und Goldegg. Opernproduktionen f\u00fchrten sie u.a. ans Brucknerhaus und Landestheater Linz, Salzburger Landestheater, Stadttheater Bad Hall, Stadttheater Gmunden und Theater an der Rott in Eggenfelden.<\/p><p>Von 2016 bis 2018 war sie Ensemblemitglied im ober\u00f6sterreichischen Opernstudio am Landestheater Linz. Dort stand sie unter anderem mit folgenden Rollen auf der B\u00fchne: als Erz\u00e4hlerin Jacob in der Kinderoper Gold von Leonard Evers, also Page-Sklave in Richard Strauss Oper Salome (unter der Leitung von Dennis Russel Davies), als Salom\u00e9 in der gleichnamigen Oper von Antoine Mariotte (konzertant), als Lisetta in Joseph Haydns Die Welt auf dem Monde, als Gouvernante in Erich Zeisls Leonce und Lena, als Aurilla in Cavallis Barockoper La Rosinda, als H\u00e4nsel in Humperdincks H\u00e4nsel und Gretel, als Olga in Tschaikowskys Eugen Onegin und als Dorabella in Mozarts Cos\u00ec fan tutte.<\/p><p>In einer semi-konzertanten Auff\u00fchrung mit LIVE-Radio\u00fcbertragung deb\u00fctierte sie im Mai 2018 als Dorabella mit dem Orchestra della Svizzera Italiana unter der Leitung von Markus Poschner im LAC Lugano Arte e cultura in der Schweiz. Anfang 2019 gastierte sie als Erste Magd in Richard Strauss Oper Elektra am Landestheater Linz.<\/p><p>(2019)<\/p>\t\t\t\t\t\t\t\t<\/div>\n\t\t\t\t<\/div>\n\t\t\t\t<div class=\"elementor-element elementor-element-2722954 elementor-widget elementor-widget-text-editor\" data-id=\"2722954\" data-element_type=\"widget\" data-widget_type=\"text-editor.default\">\n\t\t\t\t<div class=\"elementor-widget-container\">\n\t\t\t\t\t\t\t\t\t<p style=\"text-align: right;\">\n<a href=\"javascript:history.back();\">Zur\u00fcck<\/a>\n<\/p>\t\t\t\t\t\t\t\t<\/div>\n\t\t\t\t<\/div>\n\t\t\t\t<\/div>\n\t\t\t\t<\/div>\n\t\t\t\t<\/div>\n\t\t","protected":false},"excerpt":{"rendered":"<p>Alt isabell-czarnecki.at Auftritte im Linzer Konzertverein: 04.12.2019, Festkonzert Die in Salzburg geborene Mezzosopranistin Isabell Czarnecki erhielt seit ihrem 5. Lebensjahr Klavierunterricht. Sie studierte Gesangsp\u00e4dagogik mit Schwerpunkt Klavier an der Universit\u00e4t Mozarteum Salzburg bei Heather Hartinger und Konzertfach Gesang an der Anton Bruckner Privatuniversit\u00e4t in Linz, vorerst bei Ulrike Sych, sp\u00e4ter bei Christa Ratzenb\u00f6ck. Beide Studien &hellip; <\/p>\n<p class=\"link-more\"><a href=\"https:\/\/wppool.abenteuerbox.at\/DA_KV_Linz\/?page_id=933\" class=\"more-link\">Read more<span class=\"screen-reader-text\"> &#8222;Isabell Czarnecki&#8220;<\/span><\/a><\/p>\n","protected":false},"author":1,"featured_media":0,"parent":0,"menu_order":0,"comment_status":"closed","ping_status":"closed","template":"","meta":{"inspiro_hide_title":false,"footnotes":""},"class_list":["post-933","page","type-page","status-publish","hentry"],"_links":{"self":[{"href":"https:\/\/wppool.abenteuerbox.at\/DA_KV_Linz\/index.php?rest_route=\/wp\/v2\/pages\/933","targetHints":{"allow":["GET"]}}],"collection":[{"href":"https:\/\/wppool.abenteuerbox.at\/DA_KV_Linz\/index.php?rest_route=\/wp\/v2\/pages"}],"about":[{"href":"https:\/\/wppool.abenteuerbox.at\/DA_KV_Linz\/index.php?rest_route=\/wp\/v2\/types\/page"}],"author":[{"embeddable":true,"href":"https:\/\/wppool.abenteuerbox.at\/DA_KV_Linz\/index.php?rest_route=\/wp\/v2\/users\/1"}],"replies":[{"embeddable":true,"href":"https:\/\/wppool.abenteuerbox.at\/DA_KV_Linz\/index.php?rest_route=%2Fwp%2Fv2%2Fcomments&post=933"}],"version-history":[{"count":22,"href":"https:\/\/wppool.abenteuerbox.at\/DA_KV_Linz\/index.php?rest_route=\/wp\/v2\/pages\/933\/revisions"}],"predecessor-version":[{"id":6361,"href":"https:\/\/wppool.abenteuerbox.at\/DA_KV_Linz\/index.php?rest_route=\/wp\/v2\/pages\/933\/revisions\/6361"}],"wp:attachment":[{"href":"https:\/\/wppool.abenteuerbox.at\/DA_KV_Linz\/index.php?rest_route=%2Fwp%2Fv2%2Fmedia&parent=933"}],"curies":[{"name":"wp","href":"https:\/\/api.w.org\/{rel}","templated":true}]}}