{"id":939,"date":"2025-01-10T12:37:23","date_gmt":"2025-01-10T11:37:23","guid":{"rendered":"https:\/\/wppool.abenteuerbox.at\/DA_KV_Linz\/?page_id=939"},"modified":"2025-01-24T16:49:23","modified_gmt":"2025-01-24T15:49:23","slug":"kurt-azesberger","status":"publish","type":"page","link":"https:\/\/wppool.abenteuerbox.at\/DA_KV_Linz\/?page_id=939","title":{"rendered":"Kurt Azesberger"},"content":{"rendered":"\t\t<div data-elementor-type=\"wp-page\" data-elementor-id=\"939\" class=\"elementor elementor-939\">\n\t\t\t\t<div class=\"elementor-element elementor-element-f364592 e-flex e-con-boxed e-con e-parent\" data-id=\"f364592\" data-element_type=\"container\">\n\t\t\t\t\t<div class=\"e-con-inner\">\n\t\t<div class=\"elementor-element elementor-element-4233db2 e-con-full e-flex e-con e-child\" data-id=\"4233db2\" data-element_type=\"container\">\n\t\t\t\t<div class=\"elementor-element elementor-element-6e19249 elementor-widget elementor-widget-heading\" data-id=\"6e19249\" data-element_type=\"widget\" data-widget_type=\"heading.default\">\n\t\t\t\t<div class=\"elementor-widget-container\">\n\t\t\t\t\t<h2 class=\"elementor-heading-title elementor-size-default\">1. Tenor<\/h2>\t\t\t\t<\/div>\n\t\t\t\t<\/div>\n\t\t\t\t<div class=\"elementor-element elementor-element-4a05168 elementor-widget elementor-widget-text-editor\" data-id=\"4a05168\" data-element_type=\"widget\" data-widget_type=\"text-editor.default\">\n\t\t\t\t<div class=\"elementor-widget-container\">\n\t\t\t\t\t\t\t\t\t<p><strong>Auftritte im Linzer Konzertverein:<\/strong><\/p><p>04.12.2019, Festkonzert (1. Tenor)<br \/>02.12.2009, Jubil\u00e4umskonzert 90 Jahre LINZER KONZERTVEREIN<br \/>30.11.2005, Jubil\u00e4umskonzert 160 Jahre Linzer Singakademie<\/p>\t\t\t\t\t\t\t\t<\/div>\n\t\t\t\t<\/div>\n\t\t\t\t<\/div>\n\t\t<div class=\"elementor-element elementor-element-30c0d70 e-con-full e-flex e-con e-child\" data-id=\"30c0d70\" data-element_type=\"container\">\n\t\t\t\t<div class=\"elementor-element elementor-element-a6bef1a elementor-widget elementor-widget-image\" data-id=\"a6bef1a\" data-element_type=\"widget\" data-widget_type=\"image.default\">\n\t\t\t\t<div class=\"elementor-widget-container\">\n\t\t\t\t\t\t\t\t\t\t\t\t\t\t\t<img fetchpriority=\"high\" decoding=\"async\" width=\"774\" height=\"1024\" src=\"https:\/\/wppool.abenteuerbox.at\/DA_KV_Linz\/wp-content\/uploads\/2025\/01\/Azesberger_Kurt-1-774x1024.jpg\" class=\"attachment-large size-large wp-image-6124\" alt=\"\" srcset=\"https:\/\/wppool.abenteuerbox.at\/DA_KV_Linz\/wp-content\/uploads\/2025\/01\/Azesberger_Kurt-1-774x1024.jpg 774w, https:\/\/wppool.abenteuerbox.at\/DA_KV_Linz\/wp-content\/uploads\/2025\/01\/Azesberger_Kurt-1-227x300.jpg 227w, https:\/\/wppool.abenteuerbox.at\/DA_KV_Linz\/wp-content\/uploads\/2025\/01\/Azesberger_Kurt-1.jpg 800w\" sizes=\"100vw\" \/>\t\t\t\t\t\t\t\t\t\t\t\t\t\t\t<\/div>\n\t\t\t\t<\/div>\n\t\t\t\t<\/div>\n\t\t<div class=\"elementor-element elementor-element-3e869c9 e-con-full e-flex e-con e-child\" data-id=\"3e869c9\" data-element_type=\"container\">\n\t\t\t\t<div class=\"elementor-element elementor-element-75666bf elementor-widget elementor-widget-text-editor\" data-id=\"75666bf\" data-element_type=\"widget\" data-widget_type=\"text-editor.default\">\n\t\t\t\t<div class=\"elementor-widget-container\">\n\t\t\t\t\t\t\t\t\t<p>Kurt Azesberger erhielt seine erste Musikausbildung als Altsolist bei den S\u00e4ngerknaben des Stiftes St. Florian. Sein Gesangsstudium absolvierte er bei Hilde R\u00f6ssl-Majdan, Kurt Equiluz und Peter Schreier.<br \/><br \/>Kurt Azesbergers internationale Konzertt\u00e4tigkeit f\u00fchrte ihn in die gro\u00dfen europ\u00e4ischen Musikzentren, wo er sich in der internationalen Musikwelt einen Namen gemacht hat.<br \/><br \/>Konzerte mit Musik des 20. Jahrhunderts sind ebenso wesentlicher Bestandteil seiner k\u00fcnstlerischen T\u00e4tigkeit wie Liederabende, denen er sich mit besonderer Liebe in den wichtigsten Zentren des Liedgesangs widmet.<br \/><br \/>Zu seinen Glanzpartien auf der Opernb\u00fchne geh\u00f6ren Rollen in Mozartopern ebenso wie Richard Wagner und Alban Berg. Zwischen Liederabenden mit Werken von Franz Schubert und der Kirchenoper von Thomas Daniel Schlee &#8222;Ich, Hiob&#8220; demonstriert er die ganze Bandbreite seiner gestalterischen M\u00f6glichkeiten.<br \/><br \/>Mit &#8222;Ich, Hiob&#8220;, uraufgef\u00fchrt im Carinthischen Sommer 2007, einer Wiederaufnahme im Sommer 2008, feierte er Ende M\u00e4rz 2009 in der Minoritenkirche in Linz einen gro\u00dfen Erfolg. F\u00fcr seine Darstellung war er in den h\u00f6chsten T\u00f6nen gelobt worden. Die Tageszeitung &#8222;Die Presse&#8220; sprach mit Recht vom &#8222;S\u00e4nger des Jahres&#8220;.<br \/><br \/>Zu den geplanten Auff\u00fchrungen f\u00fcr 2009 z\u00e4hlen Joseph Haydns &#8222;Sch\u00f6pfung&#8220; im Festspielhaus Salzburg, das Er\u00f6ffnungskonzert des Internationalen Brucknerfestes in Linz und das Festkonzert des LINZER KONZERTVEREINS im Dezember 2009 im Brucknerhaus Linz.<br \/><br \/>Als CD liegen unter anderem vor: ein Mitschnitt von Franz Schmidts &#8222;Das Buch mit sieben Siegeln&#8220; aus dem Wiener Musikverein unter Horst Stein, Johann Sebastian Bachs &#8222;Cantatae Profanae&#8220; und Reinhard Keisers &#8222;Kr\u00f6sus&#8220;, beide unter Ren\u00e9 Jacobs, Franz Schuberts &#8222;Lazarus&#8220; unter Helmuth Rilling, Arnold Sch\u00f6nbergs &#8222;Jakobsleiter&#8220; unter Eliahu Inbal, Jean Francaix&#8216; &#8222;L&#8217;Apocalypse Selon St. Jean&#8220;, &#8222;Missae breves&#8220; von Wolfgang Amadeus Mozart unter Nikolaus Harnoncourt und die &#8222;Kr\u00f6nungsmesse&#8220; unter Leopold Hager.<br \/><br \/>(2009)<\/p>\t\t\t\t\t\t\t\t<\/div>\n\t\t\t\t<\/div>\n\t\t\t\t<div class=\"elementor-element elementor-element-71c6de6 elementor-widget elementor-widget-text-editor\" data-id=\"71c6de6\" data-element_type=\"widget\" data-widget_type=\"text-editor.default\">\n\t\t\t\t<div class=\"elementor-widget-container\">\n\t\t\t\t\t\t\t\t\t<p style=\"text-align: right;\">\n<a href=\"javascript:history.back();\">Zur\u00fcck<\/a>\n<\/p>\t\t\t\t\t\t\t\t<\/div>\n\t\t\t\t<\/div>\n\t\t\t\t<\/div>\n\t\t\t\t\t<\/div>\n\t\t\t\t<\/div>\n\t\t\t\t<\/div>\n\t\t","protected":false},"excerpt":{"rendered":"<p>1. Tenor Auftritte im Linzer Konzertverein: 04.12.2019, Festkonzert (1. Tenor)02.12.2009, Jubil\u00e4umskonzert 90 Jahre LINZER KONZERTVEREIN30.11.2005, Jubil\u00e4umskonzert 160 Jahre Linzer Singakademie Kurt Azesberger erhielt seine erste Musikausbildung als Altsolist bei den S\u00e4ngerknaben des Stiftes St. Florian. Sein Gesangsstudium absolvierte er bei Hilde R\u00f6ssl-Majdan, Kurt Equiluz und Peter Schreier. Kurt Azesbergers internationale Konzertt\u00e4tigkeit f\u00fchrte ihn in die &hellip; <\/p>\n<p class=\"link-more\"><a href=\"https:\/\/wppool.abenteuerbox.at\/DA_KV_Linz\/?page_id=939\" class=\"more-link\">Read more<span class=\"screen-reader-text\"> &#8222;Kurt Azesberger&#8220;<\/span><\/a><\/p>\n","protected":false},"author":1,"featured_media":0,"parent":0,"menu_order":0,"comment_status":"closed","ping_status":"closed","template":"","meta":{"inspiro_hide_title":false,"footnotes":""},"class_list":["post-939","page","type-page","status-publish","hentry"],"_links":{"self":[{"href":"https:\/\/wppool.abenteuerbox.at\/DA_KV_Linz\/index.php?rest_route=\/wp\/v2\/pages\/939","targetHints":{"allow":["GET"]}}],"collection":[{"href":"https:\/\/wppool.abenteuerbox.at\/DA_KV_Linz\/index.php?rest_route=\/wp\/v2\/pages"}],"about":[{"href":"https:\/\/wppool.abenteuerbox.at\/DA_KV_Linz\/index.php?rest_route=\/wp\/v2\/types\/page"}],"author":[{"embeddable":true,"href":"https:\/\/wppool.abenteuerbox.at\/DA_KV_Linz\/index.php?rest_route=\/wp\/v2\/users\/1"}],"replies":[{"embeddable":true,"href":"https:\/\/wppool.abenteuerbox.at\/DA_KV_Linz\/index.php?rest_route=%2Fwp%2Fv2%2Fcomments&post=939"}],"version-history":[{"count":22,"href":"https:\/\/wppool.abenteuerbox.at\/DA_KV_Linz\/index.php?rest_route=\/wp\/v2\/pages\/939\/revisions"}],"predecessor-version":[{"id":6364,"href":"https:\/\/wppool.abenteuerbox.at\/DA_KV_Linz\/index.php?rest_route=\/wp\/v2\/pages\/939\/revisions\/6364"}],"wp:attachment":[{"href":"https:\/\/wppool.abenteuerbox.at\/DA_KV_Linz\/index.php?rest_route=%2Fwp%2Fv2%2Fmedia&parent=939"}],"curies":[{"name":"wp","href":"https:\/\/api.w.org\/{rel}","templated":true}]}}