{"id":945,"date":"2025-01-10T12:41:16","date_gmt":"2025-01-10T11:41:16","guid":{"rendered":"https:\/\/wppool.abenteuerbox.at\/DA_KV_Linz\/?page_id=945"},"modified":"2025-01-24T16:50:08","modified_gmt":"2025-01-24T15:50:08","slug":"christian-havel","status":"publish","type":"page","link":"https:\/\/wppool.abenteuerbox.at\/DA_KV_Linz\/?page_id=945","title":{"rendered":"Christian Havel"},"content":{"rendered":"\t\t<div data-elementor-type=\"wp-page\" data-elementor-id=\"945\" class=\"elementor elementor-945\">\n\t\t\t\t<div class=\"elementor-element elementor-element-efc0749 e-flex e-con-boxed e-con e-parent\" data-id=\"efc0749\" data-element_type=\"container\">\n\t\t\t\t\t<div class=\"e-con-inner\">\n\t\t<div class=\"elementor-element elementor-element-7f378bd e-con-full e-flex e-con e-child\" data-id=\"7f378bd\" data-element_type=\"container\">\n\t\t\t\t<div class=\"elementor-element elementor-element-79e999e elementor-widget elementor-widget-heading\" data-id=\"79e999e\" data-element_type=\"widget\" data-widget_type=\"heading.default\">\n\t\t\t\t<div class=\"elementor-widget-container\">\n\t\t\t\t\t<h2 class=\"elementor-heading-title elementor-size-default\">2. Tenor<\/h2>\t\t\t\t<\/div>\n\t\t\t\t<\/div>\n\t\t\t\t<div class=\"elementor-element elementor-element-c04ab1b elementor-widget elementor-widget-text-editor\" data-id=\"c04ab1b\" data-element_type=\"widget\" data-widget_type=\"text-editor.default\">\n\t\t\t\t<div class=\"elementor-widget-container\">\n\t\t\t\t\t\t\t\t\t<p><a href=\"http:\/\/www.christianhavel.com\/\" target=\"_blank\" rel=\"noopener\">christianhavel.com<\/a><\/p><p><strong>Auftritte im Linzer Konzertverein:<\/strong><\/p><p>04.12.2019, Festkonzert<\/p>\t\t\t\t\t\t\t\t<\/div>\n\t\t\t\t<\/div>\n\t\t\t\t<\/div>\n\t\t<div class=\"elementor-element elementor-element-5fae319 e-con-full e-flex e-con e-child\" data-id=\"5fae319\" data-element_type=\"container\">\n\t\t\t\t<div class=\"elementor-element elementor-element-d9c980b elementor-widget elementor-widget-image\" data-id=\"d9c980b\" data-element_type=\"widget\" data-widget_type=\"image.default\">\n\t\t\t\t<div class=\"elementor-widget-container\">\n\t\t\t\t\t\t\t\t\t\t\t\t\t\t\t<img fetchpriority=\"high\" decoding=\"async\" width=\"599\" height=\"863\" src=\"https:\/\/wppool.abenteuerbox.at\/DA_KV_Linz\/wp-content\/uploads\/2025\/01\/Havel_Christian.jpg\" class=\"attachment-large size-large wp-image-947\" alt=\"\" srcset=\"https:\/\/wppool.abenteuerbox.at\/DA_KV_Linz\/wp-content\/uploads\/2025\/01\/Havel_Christian.jpg 599w, https:\/\/wppool.abenteuerbox.at\/DA_KV_Linz\/wp-content\/uploads\/2025\/01\/Havel_Christian-208x300.jpg 208w\" sizes=\"100vw\" \/>\t\t\t\t\t\t\t\t\t\t\t\t\t\t\t<\/div>\n\t\t\t\t<\/div>\n\t\t\t\t<\/div>\n\t\t<div class=\"elementor-element elementor-element-59dc82f e-con-full e-flex e-con e-child\" data-id=\"59dc82f\" data-element_type=\"container\">\n\t\t\t\t<div class=\"elementor-element elementor-element-c1fe253 elementor-widget elementor-widget-text-editor\" data-id=\"c1fe253\" data-element_type=\"widget\" data-widget_type=\"text-editor.default\">\n\t\t\t\t<div class=\"elementor-widget-container\">\n\t\t\t\t\t\t\t\t\t<p>Studium Sologesang bei Prof. Gerald Trabesinger, sowie Lied und Oratorium bei Prof. Thomas Kerbl an der Anton Bruckner-Privatuniversit\u00e4t Linz, als auch an der Musikuniversit\u00e4t Wien bei Prof. Norman Shetler. Weiterf\u00fchrende private Studien bei Prof. Ingrid Mayr-Janser (Mozarteum Salzburg).<br \/>Meisterkurse bei Kurt Widmer, Margreet Honig, Robert Holl, David Lutz, Roger Vignoles, Gerhard Kahry, Wolfgang Holzmair und Kammers\u00e4ngerin Gundula Janowitz.<br \/>Mitglied des Wiener Staatsopernchores von 1996-98 mit Soloverpflichungen.<br \/>Tenorsolist bei allen gro\u00dfen Oratorien und Passionen J.S. Bachs, G.F. H\u00e4ndels, Joseph Haydns und Felix Mendelssohn Bartholdys. Mitwirkung bei Opernproduktionen und Gestaltung von Liederabenden. Auftritte erfolgten unter anderen bei den Europ\u00e4ischen Wochen Passau, bei den Salzkammergut Festwochen Gmunden, beim Mozartfestival in Saou (Frankreich) und in vielen anderen europ\u00e4ischen Staaten. Als Solist sang er mit dem Brucknerorchester Linz unter den Dirigenten Franz Welser-M\u00f6st (Schubert, Es-Dur Messe) und Heinrich Schiff (Haydn, Heiligmesse), mit den Florianer- und Wiener S\u00e4ngerknaben, dem 1. \u00f6sterreichischen Frauenkammerorchester, dem Barockensemble &#8222;L`Orfeo&#8220; unter Michi Gaigg, dem Barockorchester Ars Antiqua Austria unter Gunnar Letzbor, den N\u00d6 Tonk\u00fcnstlern, dem Heinrich Sch\u00fctz-Ensemble Passau-Vornbach unter Martin Steidler, beim \u201eJahrtausendprojekt Bach XXI\u201c mit der Grazer Dommusik unter Josef Doeller, dem &#8222;consilium musicum Wien&#8220; unter Paul Angerer, der Freisinger Hofmusik, der Hofburgkapelle Wien und mit der Chorvereinigung St. Augustin, Wien. Bei der &#8222;Jungen Oper Ober\u00f6sterreich&#8220; war er als Graf Almaviva (Barbier von Sevilla) und bei den Mozartwochen in Bad Hall als Tamino (Zauberfl\u00f6te) und Belmonte (Entf\u00fchrung aus dem Serail) zu h\u00f6ren. Er verk\u00f6rperte beim Mozartfestival in Hallstatt die Rolle des Christ in Mozarts \u201eDie Schuldigkeit des ersten Gebots\u201c. Solist in der Urauff\u00fchrung der Oper \u201esub pontio pilatus\u201c von Erling Wold (San Francisco). Er sang ebenso den Bruder Tomaso in der Kirchenoper \u201eFranziskus\u201c von Heinz Kratochwil in der Dominikanerkirche Krems unter Josef Doeller.<br \/>2012\/13 war Christian Havel am Landestheater Niederbayern (Passau) f\u00fcr die Rolle des Eumete in Claudio Monteverdis \u201eIl Ritorno d\u00b4Ulisse in Patria\u201c engagiert. (Regie: Kobie van Rensburg, musik. Leitung: Wolfgang Katschner, Lautencompaney Berlin).<br \/>Christian Havel sang die Urauff\u00fchrung einer Orchesterbearbeitung von Franz Schuberts Liederzyklus \u201eDie sch\u00f6ne M\u00fcllerin\u201c mit der Bad Reichenhaller Philharmonie (Komponist: Thomas Mandl), und die Urauff\u00fchrung einer Bearbeitung von Schuberts \u201eWinterreise\u201c f\u00fcr Streichquintett und Tenor (Komponist: Michael Wahlm\u00fcller).<br \/>Israel &#8211; Tournee mit den Florianer S\u00e4ngerknaben.<br \/>Liederabende in \u00d6sterreich und Deutschland, so auch u.a. im Haus Hofmannsthal in Wien, in der Schubertgedenkst\u00e4tte Schloss Atzenbrugg und in Schuberts Geburtshaus mit dem Pianisten Dino Sequi.<\/p><p>(2018)<\/p>\t\t\t\t\t\t\t\t<\/div>\n\t\t\t\t<\/div>\n\t\t\t\t<div class=\"elementor-element elementor-element-a568163 elementor-widget elementor-widget-text-editor\" data-id=\"a568163\" data-element_type=\"widget\" data-widget_type=\"text-editor.default\">\n\t\t\t\t<div class=\"elementor-widget-container\">\n\t\t\t\t\t\t\t\t\t<p style=\"text-align: right;\">\n<a href=\"javascript:history.back();\">Zur\u00fcck<\/a>\n<\/p>\t\t\t\t\t\t\t\t<\/div>\n\t\t\t\t<\/div>\n\t\t\t\t<\/div>\n\t\t\t\t\t<\/div>\n\t\t\t\t<\/div>\n\t\t\t\t<\/div>\n\t\t","protected":false},"excerpt":{"rendered":"<p>2. Tenor christianhavel.com Auftritte im Linzer Konzertverein: 04.12.2019, Festkonzert Studium Sologesang bei Prof. Gerald Trabesinger, sowie Lied und Oratorium bei Prof. Thomas Kerbl an der Anton Bruckner-Privatuniversit\u00e4t Linz, als auch an der Musikuniversit\u00e4t Wien bei Prof. Norman Shetler. Weiterf\u00fchrende private Studien bei Prof. Ingrid Mayr-Janser (Mozarteum Salzburg).Meisterkurse bei Kurt Widmer, Margreet Honig, Robert Holl, David &hellip; <\/p>\n<p class=\"link-more\"><a href=\"https:\/\/wppool.abenteuerbox.at\/DA_KV_Linz\/?page_id=945\" class=\"more-link\">Read more<span class=\"screen-reader-text\"> &#8222;Christian Havel&#8220;<\/span><\/a><\/p>\n","protected":false},"author":1,"featured_media":0,"parent":0,"menu_order":0,"comment_status":"closed","ping_status":"closed","template":"","meta":{"inspiro_hide_title":false,"footnotes":""},"class_list":["post-945","page","type-page","status-publish","hentry"],"_links":{"self":[{"href":"https:\/\/wppool.abenteuerbox.at\/DA_KV_Linz\/index.php?rest_route=\/wp\/v2\/pages\/945","targetHints":{"allow":["GET"]}}],"collection":[{"href":"https:\/\/wppool.abenteuerbox.at\/DA_KV_Linz\/index.php?rest_route=\/wp\/v2\/pages"}],"about":[{"href":"https:\/\/wppool.abenteuerbox.at\/DA_KV_Linz\/index.php?rest_route=\/wp\/v2\/types\/page"}],"author":[{"embeddable":true,"href":"https:\/\/wppool.abenteuerbox.at\/DA_KV_Linz\/index.php?rest_route=\/wp\/v2\/users\/1"}],"replies":[{"embeddable":true,"href":"https:\/\/wppool.abenteuerbox.at\/DA_KV_Linz\/index.php?rest_route=%2Fwp%2Fv2%2Fcomments&post=945"}],"version-history":[{"count":22,"href":"https:\/\/wppool.abenteuerbox.at\/DA_KV_Linz\/index.php?rest_route=\/wp\/v2\/pages\/945\/revisions"}],"predecessor-version":[{"id":6367,"href":"https:\/\/wppool.abenteuerbox.at\/DA_KV_Linz\/index.php?rest_route=\/wp\/v2\/pages\/945\/revisions\/6367"}],"wp:attachment":[{"href":"https:\/\/wppool.abenteuerbox.at\/DA_KV_Linz\/index.php?rest_route=%2Fwp%2Fv2%2Fmedia&parent=945"}],"curies":[{"name":"wp","href":"https:\/\/api.w.org\/{rel}","templated":true}]}}