{"id":951,"date":"2025-01-10T12:49:51","date_gmt":"2025-01-10T11:49:51","guid":{"rendered":"https:\/\/wppool.abenteuerbox.at\/DA_KV_Linz\/?page_id=951"},"modified":"2025-01-24T16:50:34","modified_gmt":"2025-01-24T15:50:34","slug":"klaus-kuttler","status":"publish","type":"page","link":"https:\/\/wppool.abenteuerbox.at\/DA_KV_Linz\/?page_id=951","title":{"rendered":"Klaus Kuttler"},"content":{"rendered":"\t\t<div data-elementor-type=\"wp-page\" data-elementor-id=\"951\" class=\"elementor elementor-951\">\n\t\t\t\t<div class=\"elementor-element elementor-element-8c62789 e-flex e-con-boxed e-con e-parent\" data-id=\"8c62789\" data-element_type=\"container\">\n\t\t\t\t\t<div class=\"e-con-inner\">\n\t\t<div class=\"elementor-element elementor-element-b371cf7 e-con-full e-flex e-con e-child\" data-id=\"b371cf7\" data-element_type=\"container\">\n\t\t\t\t<div class=\"elementor-element elementor-element-8353fc3 elementor-widget elementor-widget-heading\" data-id=\"8353fc3\" data-element_type=\"widget\" data-widget_type=\"heading.default\">\n\t\t\t\t<div class=\"elementor-widget-container\">\n\t\t\t\t\t<h2 class=\"elementor-heading-title elementor-size-default\">Bariton <\/h2>\t\t\t\t<\/div>\n\t\t\t\t<\/div>\n\t\t\t\t<div class=\"elementor-element elementor-element-5dd4a3b elementor-widget elementor-widget-text-editor\" data-id=\"5dd4a3b\" data-element_type=\"widget\" data-widget_type=\"text-editor.default\">\n\t\t\t\t<div class=\"elementor-widget-container\">\n\t\t\t\t\t\t\t\t\t<p><a href=\"http:\/\/www.kuttler.at\/\" target=\"_blank\" rel=\"noopener\">kuttler.at<\/a><\/p><p><strong>Auftritte im Linzer Konzertverein:<\/strong><\/p><p>04.12.2019, Festkonzert<\/p>\t\t\t\t\t\t\t\t<\/div>\n\t\t\t\t<\/div>\n\t\t\t\t<\/div>\n\t\t<div class=\"elementor-element elementor-element-6c4e28a e-con-full e-flex e-con e-child\" data-id=\"6c4e28a\" data-element_type=\"container\">\n\t\t\t\t<div class=\"elementor-element elementor-element-387980f elementor-widget elementor-widget-image\" data-id=\"387980f\" data-element_type=\"widget\" data-widget_type=\"image.default\">\n\t\t\t\t<div class=\"elementor-widget-container\">\n\t\t\t\t\t\t\t\t\t\t\t\t\t\t\t<img fetchpriority=\"high\" decoding=\"async\" width=\"786\" height=\"1024\" src=\"https:\/\/wppool.abenteuerbox.at\/DA_KV_Linz\/wp-content\/uploads\/2025\/01\/Kuttler_Klaus-1-786x1024.jpg\" class=\"attachment-large size-large wp-image-6184\" alt=\"\" srcset=\"https:\/\/wppool.abenteuerbox.at\/DA_KV_Linz\/wp-content\/uploads\/2025\/01\/Kuttler_Klaus-1-786x1024.jpg 786w, https:\/\/wppool.abenteuerbox.at\/DA_KV_Linz\/wp-content\/uploads\/2025\/01\/Kuttler_Klaus-1-230x300.jpg 230w, https:\/\/wppool.abenteuerbox.at\/DA_KV_Linz\/wp-content\/uploads\/2025\/01\/Kuttler_Klaus-1.jpg 800w\" sizes=\"100vw\" \/>\t\t\t\t\t\t\t\t\t\t\t\t\t\t\t<\/div>\n\t\t\t\t<\/div>\n\t\t\t\t<\/div>\n\t\t<div class=\"elementor-element elementor-element-611e177 e-con-full e-flex e-con e-child\" data-id=\"611e177\" data-element_type=\"container\">\n\t\t\t\t<div class=\"elementor-element elementor-element-6c98b1e elementor-widget elementor-widget-text-editor\" data-id=\"6c98b1e\" data-element_type=\"widget\" data-widget_type=\"text-editor.default\">\n\t\t\t\t<div class=\"elementor-widget-container\">\n\t\t\t\t\t\t\t\t\t<p>Klaus Kuttler wurde in Wels geboren und war Sch\u00fcler des Linzer Musikgymnasiums, das er 1991 mit der Matura abschloss. Am Brucknerkonservatorium studierte er Klavier, Oboe, Komposition und Gesang. 1992 wurde ihm das Schiff-Stipendium f\u00fcr Komposition zuerkannt, in der Folge erhielt er mehrere Kompositionsauftr\u00e4ge. Das Komponieren hat Klaus Kuttler neben seiner Laufbahn als S\u00e4nger bis heute aufrechterhalten. Seine Gesangsausbildung setzte er 1991 an der Musikhochschule in Wien bei Prof. Gerhard Kahry und in den F\u00e4chern Lied und Oratorium bei KS Walter Berry und KS Robert Holl fort. 2002 schloss er das Studium mit Auszeichnung ab. Im August 2004 besuchte er einen Meisterkurs bei Gregory Lamar in New York.<\/p><p>Schon w\u00e4hrend des Studiums konnte der junge S\u00e4nger zahlreiche Wettbewerbserfolge f\u00fcr sich verbuchen: U. a. erhielt er 1993 und 1995 den 1. Preis und den Sonderpreis beim Bundeswettbewerb \u201eJugend musiziert\u201c und gewann 1997 den Wettbewerb \u201eGradus ad parnassum\u201c (Graz). Im gleichen Jahr erhielt er das Wagner-Stipendium. 1998 war er Preistr\u00e4ger beim Internationalen Belvedere-Wettbewerb (vier Sonderpreise), sowohl im Opern- als auch im Operettenfach.<\/p><p>Seit Anfang der 90er Jahre ist Klaus Kuttler als Oratoriens\u00e4nger t\u00e4tig und gastierte unter der Leitung des Dirigenten Franz Welser-M\u00f6st u. a. in London, Lausanne und Den Haag. 1994 sang er auf Schloss Wildberg seinen ersten Liederabend mit Robert Schumanns Zyklus \u201eDichterliebe\u201c, 1995 in St. P\u00f6lten seinen ersten Papageno in Mozarts \u201eZauberfl\u00f6te\u201c. 1998 deb\u00fctierte er in Cavallis \u201eLa Calisto\u201c an der Wiener Kammeroper, wo er in der Folge auch den Dr. Falke in \u201eDie Fledermaus\u201c sang und mit dieser Produktion auch in Japan gastierte. Im Fr\u00fchjahr 1999 sang er im Wiener Konzerthaus \u201eDer lustige Krieg\u201c (J. Strau\u00df) und \u201eDaphne\u201c (R. Strau\u00df), im Sommer 1999 den Pappacoda in \u201eEine Nacht in Venedig\u201c bei den Seefestspielen in M\u00f6rbisch. Im Dezember 2000 gastierte er als Papageno an der Z\u00fcricher Oper, im Mai 2001 trat er als Baritonsolist in \u201eCarmina Burana\u201c im Wiener Konzerthaus auf. 2002 folgte ein Gastspiel in St. Gallen. Im Sommer 2004 sang er beim Opernfestival in St. Moritz den Poeta in \u201eIl turco in Italia\u201c, im Sommer 2005 in der Operette \u201eDer lustige Krieg\u201c bei den Bregenzer Festspielen.<br \/>Ab der Saison 2005\/06 setzte er nach f\u00fcnf Jahren als fixes Ensemblemitglied der Volksoper Wien seine T\u00e4tigkeit dort als freischaffender S\u00e4nger fort und gastierte auch an der Komischen Oper Berlin als Guglielmo in \u201eCos\u00ec fan tutte\u201c und Faninal im \u201eRosenkavalier\u201c in der Premierenbesetzung. In der Saison 2006\/07 sang er u. a. den Papageno an der Staatsoper Stuttgart, den Figaro in \u201eIl Barbiere di Siviglia\u201c an der K\u00f6lner Oper und an der Komischen Oper Berlin.<\/p><p>Von 2007-2010 sang er jeweils in der Premierenbesetzung den Eisenstein in der &#8222;Fledermaus&#8220; (Komische Oper Berlin), den Vater in &#8222;H\u00e4nsel und Gretel&#8220; (Glyndebourne Festival und Opera Lyon), den Valentin im &#8222;Faust&#8220; (Teatro Nacional de Sao Carlos in Lissabon) und den Ottokar im &#8222;Freisch\u00fctz&#8220; mit TV-Life-\u00dcbertragung aus dem Festspielhaus Baden-Baden. Weiters gastierte er im Concertgebouw Amsterdam, an der Hamburgischen Staatsoper (Vater in &#8222;H\u00e4nsel und Gretel&#8220;), an der Semperoper Dresden (Barbier in &#8222;die schweigsame Frau&#8220; und Vater in &#8222;H\u00e4nsel und Gretel&#8220;), im Opernhaus Z\u00fcrich (Eisenstein in der &#8222;Fledermaus&#8220;), an der Deutschen Oper Berlin (Faninal im &#8222;Rosenkavalier&#8220;) und am Teatro de la Maestranza in Sevilla (Barbier in &#8222;die schweigsame Frau).<\/p><p>(2016)<\/p>\t\t\t\t\t\t\t\t<\/div>\n\t\t\t\t<\/div>\n\t\t\t\t<div class=\"elementor-element elementor-element-77fa0ed elementor-widget elementor-widget-text-editor\" data-id=\"77fa0ed\" data-element_type=\"widget\" data-widget_type=\"text-editor.default\">\n\t\t\t\t<div class=\"elementor-widget-container\">\n\t\t\t\t\t\t\t\t\t<p style=\"text-align: right;\">\n<a href=\"javascript:history.back();\">Zur\u00fcck<\/a>\n<\/p>\t\t\t\t\t\t\t\t<\/div>\n\t\t\t\t<\/div>\n\t\t\t\t<\/div>\n\t\t\t\t\t<\/div>\n\t\t\t\t<\/div>\n\t\t\t\t<\/div>\n\t\t","protected":false},"excerpt":{"rendered":"<p>Bariton kuttler.at Auftritte im Linzer Konzertverein: 04.12.2019, Festkonzert Klaus Kuttler wurde in Wels geboren und war Sch\u00fcler des Linzer Musikgymnasiums, das er 1991 mit der Matura abschloss. Am Brucknerkonservatorium studierte er Klavier, Oboe, Komposition und Gesang. 1992 wurde ihm das Schiff-Stipendium f\u00fcr Komposition zuerkannt, in der Folge erhielt er mehrere Kompositionsauftr\u00e4ge. Das Komponieren hat Klaus &hellip; <\/p>\n<p class=\"link-more\"><a href=\"https:\/\/wppool.abenteuerbox.at\/DA_KV_Linz\/?page_id=951\" class=\"more-link\">Read more<span class=\"screen-reader-text\"> &#8222;Klaus Kuttler&#8220;<\/span><\/a><\/p>\n","protected":false},"author":1,"featured_media":0,"parent":0,"menu_order":0,"comment_status":"closed","ping_status":"closed","template":"","meta":{"inspiro_hide_title":false,"footnotes":""},"class_list":["post-951","page","type-page","status-publish","hentry"],"_links":{"self":[{"href":"https:\/\/wppool.abenteuerbox.at\/DA_KV_Linz\/index.php?rest_route=\/wp\/v2\/pages\/951","targetHints":{"allow":["GET"]}}],"collection":[{"href":"https:\/\/wppool.abenteuerbox.at\/DA_KV_Linz\/index.php?rest_route=\/wp\/v2\/pages"}],"about":[{"href":"https:\/\/wppool.abenteuerbox.at\/DA_KV_Linz\/index.php?rest_route=\/wp\/v2\/types\/page"}],"author":[{"embeddable":true,"href":"https:\/\/wppool.abenteuerbox.at\/DA_KV_Linz\/index.php?rest_route=\/wp\/v2\/users\/1"}],"replies":[{"embeddable":true,"href":"https:\/\/wppool.abenteuerbox.at\/DA_KV_Linz\/index.php?rest_route=%2Fwp%2Fv2%2Fcomments&post=951"}],"version-history":[{"count":23,"href":"https:\/\/wppool.abenteuerbox.at\/DA_KV_Linz\/index.php?rest_route=\/wp\/v2\/pages\/951\/revisions"}],"predecessor-version":[{"id":6370,"href":"https:\/\/wppool.abenteuerbox.at\/DA_KV_Linz\/index.php?rest_route=\/wp\/v2\/pages\/951\/revisions\/6370"}],"wp:attachment":[{"href":"https:\/\/wppool.abenteuerbox.at\/DA_KV_Linz\/index.php?rest_route=%2Fwp%2Fv2%2Fmedia&parent=951"}],"curies":[{"name":"wp","href":"https:\/\/api.w.org\/{rel}","templated":true}]}}