{"id":967,"date":"2025-01-11T09:55:03","date_gmt":"2025-01-11T08:55:03","guid":{"rendered":"https:\/\/wppool.abenteuerbox.at\/DA_KV_Linz\/?page_id=967"},"modified":"2025-01-24T16:51:36","modified_gmt":"2025-01-24T15:51:36","slug":"gunter-waldek","status":"publish","type":"page","link":"https:\/\/wppool.abenteuerbox.at\/DA_KV_Linz\/?page_id=967","title":{"rendered":"Gunter Waldek"},"content":{"rendered":"\t\t<div data-elementor-type=\"wp-page\" data-elementor-id=\"967\" class=\"elementor elementor-967\">\n\t\t\t\t<div class=\"elementor-element elementor-element-6e44376 e-flex e-con-boxed e-con e-parent\" data-id=\"6e44376\" data-element_type=\"container\">\n\t\t\t\t\t<div class=\"e-con-inner\">\n\t\t<div class=\"elementor-element elementor-element-f201377 e-con-full e-flex e-con e-child\" data-id=\"f201377\" data-element_type=\"container\">\n\t\t\t\t<div class=\"elementor-element elementor-element-24f5775 elementor-widget elementor-widget-heading\" data-id=\"24f5775\" data-element_type=\"widget\" data-widget_type=\"heading.default\">\n\t\t\t\t<div class=\"elementor-widget-container\">\n\t\t\t\t\t<h2 class=\"elementor-heading-title elementor-size-default\">Dirigent<\/h2>\t\t\t\t<\/div>\n\t\t\t\t<\/div>\n\t\t\t\t<div class=\"elementor-element elementor-element-62cdb8c elementor-widget elementor-widget-text-editor\" data-id=\"62cdb8c\" data-element_type=\"widget\" data-widget_type=\"text-editor.default\">\n\t\t\t\t<div class=\"elementor-widget-container\">\n\t\t\t\t\t\t\t\t\t<p><a href=\"https:\/\/gunterwaldek.at\/\">gunterwaldek.at<\/a><\/p><p><strong>Auftritte im Linzer Konzertverein:<\/strong><\/p><p>26.03.2025, Fr\u00fchjahrskonzert<br \/>03.04.2019, Fr\u00fchjahrskonzert<br \/>06.04.2016, Fr\u00fchjahrskonzert<br \/>28.11.2012, Sinfoniekonzert<br \/>29.11.2006, Sinfoniekonzert<br \/>22.11.2000, Sinfoniekonzert<\/p>\t\t\t\t\t\t\t\t<\/div>\n\t\t\t\t<\/div>\n\t\t\t\t<\/div>\n\t\t<div class=\"elementor-element elementor-element-4a32c3a e-con-full e-flex e-con e-child\" data-id=\"4a32c3a\" data-element_type=\"container\">\n\t\t\t\t<div class=\"elementor-element elementor-element-d3d33d5 elementor-widget elementor-widget-image\" data-id=\"d3d33d5\" data-element_type=\"widget\" data-widget_type=\"image.default\">\n\t\t\t\t<div class=\"elementor-widget-container\">\n\t\t\t\t\t\t\t\t\t\t\t\t\t\t\t<img fetchpriority=\"high\" decoding=\"async\" width=\"799\" height=\"1024\" src=\"https:\/\/wppool.abenteuerbox.at\/DA_KV_Linz\/wp-content\/uploads\/2025\/01\/Waldek_Gunter-1-799x1024.jpg\" class=\"attachment-large size-large wp-image-6208\" alt=\"\" srcset=\"https:\/\/wppool.abenteuerbox.at\/DA_KV_Linz\/wp-content\/uploads\/2025\/01\/Waldek_Gunter-1-799x1024.jpg 799w, https:\/\/wppool.abenteuerbox.at\/DA_KV_Linz\/wp-content\/uploads\/2025\/01\/Waldek_Gunter-1-234x300.jpg 234w, https:\/\/wppool.abenteuerbox.at\/DA_KV_Linz\/wp-content\/uploads\/2025\/01\/Waldek_Gunter-1.jpg 1103w\" sizes=\"100vw\" \/>\t\t\t\t\t\t\t\t\t\t\t\t\t\t\t<\/div>\n\t\t\t\t<\/div>\n\t\t\t\t<\/div>\n\t\t<div class=\"elementor-element elementor-element-e7f9dab e-con-full e-flex e-con e-child\" data-id=\"e7f9dab\" data-element_type=\"container\">\n\t\t\t\t<div class=\"elementor-element elementor-element-56462a5 elementor-widget elementor-widget-text-editor\" data-id=\"56462a5\" data-element_type=\"widget\" data-widget_type=\"text-editor.default\">\n\t\t\t\t<div class=\"elementor-widget-container\">\n\t\t\t\t\t\t\t\t\t<p>Gunter Waldek, 1953 in Linz geboren, unterrichtete nach umfassenden Studien in Salzburg zun\u00e4chst an verschiedenen Gymnasien, bevor er 1982 als Kompositionslehrer an das Linzer Bruckner-Konservatorium berufen wurde.<br \/><br \/>Dort war er mitverantwortlich f\u00fcr das Ausbildungsprofil, das 2004 zur Akkreditierung als Anton Bruckner Privatuniversit\u00e4t f\u00fchrte. An der neuen Universit\u00e4t habilitierte er zum Univ. Prof. f\u00fcr Komposition und \u00fcbernahm das Amt des Vizerektors, gab jedoch mit Beginn 2008 die meisten seiner administrativen Funktionen ab, um sich verst\u00e4rkt k\u00fcnstlerischen Aufgabenstellungen widmen zu k\u00f6nnen. Im M\u00e4rz 2014 beendete er seine Unterrichtst\u00e4tigkeit.<br \/><br \/>In seinem umfangreichen kompositorischen Schaffen verbindet Gunter Waldek Expressivit\u00e4t mit formal-struktureller \u00c4sthetik. Viele seiner \u00fcber 200 Kompositionen wurden von Rundfunk und Fernsehen gesendet, auf Tontr\u00e4gern ver\u00f6ffentlicht oder mit Preisen ausgezeichnet (Landeskulturpreis, Anton-Bruckner-Preis u.a.). Auftragswerke an Gunter Waldek wurden zu bedeutenden Anl\u00e4ssen vergeben und von namhaften in- und ausl\u00e4ndischen K\u00fcnstlern, Orchestern und Institutionen angeregt. Ein besonderer Schwerpunkt gilt seit Jahren der Vokalmusik, sowohl im lyrischen Liedbereich wie im musikdramatischen Schaffen.<br \/><br \/>Als Dirigent galt Waldeks Interesse zun\u00e4chst der Streichorchesterliteratur aus Barock und Klassik (Kammerorchester Wels und Grieskirchen); dabei entstand auch das Musiktheaterprojekt &#8222;Oper auf R\u00e4dern&#8220;. Seit 2002 leitet Gunter Waldek das Brucknerbund-Orchester Ried, mit dem er regelm\u00e4\u00dfig Konzerte mit gro\u00dfer symphonischer und Chor-Orchesterliteratur veranstaltet. Er wurde als Gastdirigent von verschiedenen Orchestern eingeladen und arbeitete mit renommierten Solisten zusammen.<br \/><br \/>Ein weiterer Schwerpunkt liegt im Bereich der Chor- und Ensemblebetreuung; im Chorverband O\u00d6 bekleidet Gunter Waldek die Funktion eines Vizepr\u00e4sidenten und ist Obmann des O\u00d6. Komponistenbundes. Dar\u00fcber hinaus ist er als Juror in verschiedenen Wettbewerben t\u00e4tig.<br \/><br \/>Seit vielen Jahren lebt Gunter Waldek mit seiner Frau Elfi in Andorf im ober\u00f6sterreichischen Innviertel und in Anduins (Friaul) und engagiert sich auch in der regionalen Kulturszene.<br \/><br \/>(2018)<\/p>\t\t\t\t\t\t\t\t<\/div>\n\t\t\t\t<\/div>\n\t\t\t\t<div class=\"elementor-element elementor-element-d3c3f2f elementor-widget elementor-widget-text-editor\" data-id=\"d3c3f2f\" data-element_type=\"widget\" data-widget_type=\"text-editor.default\">\n\t\t\t\t<div class=\"elementor-widget-container\">\n\t\t\t\t\t\t\t\t\t<p style=\"text-align: right;\">\n<a href=\"javascript:history.back();\">Zur\u00fcck<\/a>\n<\/p>\t\t\t\t\t\t\t\t<\/div>\n\t\t\t\t<\/div>\n\t\t\t\t<\/div>\n\t\t\t\t\t<\/div>\n\t\t\t\t<\/div>\n\t\t\t\t<\/div>\n\t\t","protected":false},"excerpt":{"rendered":"<p>Dirigent gunterwaldek.at Auftritte im Linzer Konzertverein: 26.03.2025, Fr\u00fchjahrskonzert03.04.2019, Fr\u00fchjahrskonzert06.04.2016, Fr\u00fchjahrskonzert28.11.2012, Sinfoniekonzert29.11.2006, Sinfoniekonzert22.11.2000, Sinfoniekonzert Gunter Waldek, 1953 in Linz geboren, unterrichtete nach umfassenden Studien in Salzburg zun\u00e4chst an verschiedenen Gymnasien, bevor er 1982 als Kompositionslehrer an das Linzer Bruckner-Konservatorium berufen wurde. Dort war er mitverantwortlich f\u00fcr das Ausbildungsprofil, das 2004 zur Akkreditierung als Anton Bruckner Privatuniversit\u00e4t &hellip; <\/p>\n<p class=\"link-more\"><a href=\"https:\/\/wppool.abenteuerbox.at\/DA_KV_Linz\/?page_id=967\" class=\"more-link\">Read more<span class=\"screen-reader-text\"> &#8222;Gunter Waldek&#8220;<\/span><\/a><\/p>\n","protected":false},"author":1,"featured_media":0,"parent":0,"menu_order":0,"comment_status":"closed","ping_status":"closed","template":"","meta":{"inspiro_hide_title":false,"footnotes":""},"class_list":["post-967","page","type-page","status-publish","hentry"],"_links":{"self":[{"href":"https:\/\/wppool.abenteuerbox.at\/DA_KV_Linz\/index.php?rest_route=\/wp\/v2\/pages\/967","targetHints":{"allow":["GET"]}}],"collection":[{"href":"https:\/\/wppool.abenteuerbox.at\/DA_KV_Linz\/index.php?rest_route=\/wp\/v2\/pages"}],"about":[{"href":"https:\/\/wppool.abenteuerbox.at\/DA_KV_Linz\/index.php?rest_route=\/wp\/v2\/types\/page"}],"author":[{"embeddable":true,"href":"https:\/\/wppool.abenteuerbox.at\/DA_KV_Linz\/index.php?rest_route=\/wp\/v2\/users\/1"}],"replies":[{"embeddable":true,"href":"https:\/\/wppool.abenteuerbox.at\/DA_KV_Linz\/index.php?rest_route=%2Fwp%2Fv2%2Fcomments&post=967"}],"version-history":[{"count":25,"href":"https:\/\/wppool.abenteuerbox.at\/DA_KV_Linz\/index.php?rest_route=\/wp\/v2\/pages\/967\/revisions"}],"predecessor-version":[{"id":6373,"href":"https:\/\/wppool.abenteuerbox.at\/DA_KV_Linz\/index.php?rest_route=\/wp\/v2\/pages\/967\/revisions\/6373"}],"wp:attachment":[{"href":"https:\/\/wppool.abenteuerbox.at\/DA_KV_Linz\/index.php?rest_route=%2Fwp%2Fv2%2Fmedia&parent=967"}],"curies":[{"name":"wp","href":"https:\/\/api.w.org\/{rel}","templated":true}]}}