{"id":981,"date":"2025-01-11T10:03:27","date_gmt":"2025-01-11T09:03:27","guid":{"rendered":"https:\/\/wppool.abenteuerbox.at\/DA_KV_Linz\/?page_id=981"},"modified":"2025-01-24T16:52:11","modified_gmt":"2025-01-24T15:52:11","slug":"elisabeth-harringer-pignat","status":"publish","type":"page","link":"https:\/\/wppool.abenteuerbox.at\/DA_KV_Linz\/?page_id=981","title":{"rendered":"Elisabeth Harringer-Pignat"},"content":{"rendered":"\t\t<div data-elementor-type=\"wp-page\" data-elementor-id=\"981\" class=\"elementor elementor-981\">\n\t\t\t\t<div class=\"elementor-element elementor-element-5c1b700 e-flex e-con-boxed e-con e-parent\" data-id=\"5c1b700\" data-element_type=\"container\">\n\t\t\t\t\t<div class=\"e-con-inner\">\n\t\t<div class=\"elementor-element elementor-element-831c21c e-con-full e-flex e-con e-child\" data-id=\"831c21c\" data-element_type=\"container\">\n\t\t\t\t<div class=\"elementor-element elementor-element-3a15272 elementor-widget elementor-widget-heading\" data-id=\"3a15272\" data-element_type=\"widget\" data-widget_type=\"heading.default\">\n\t\t\t\t<div class=\"elementor-widget-container\">\n\t\t\t\t\t<h2 class=\"elementor-heading-title elementor-size-default\">Violine<\/h2>\t\t\t\t<\/div>\n\t\t\t\t<\/div>\n\t\t\t\t<div class=\"elementor-element elementor-element-336ac3d elementor-widget elementor-widget-text-editor\" data-id=\"336ac3d\" data-element_type=\"widget\" data-widget_type=\"text-editor.default\">\n\t\t\t\t<div class=\"elementor-widget-container\">\n\t\t\t\t\t\t\t\t\t<p><strong>Auftritte im Linzer Konzertverein:<\/strong><\/p><p>03.04.2019, Fr\u00fchjahrskonzert<br \/>29.04.2009, Fr\u00fchjahrskonzert &#8222;Hommage an Joseph Haydn&#8220; (1732-1909)<br \/>12.03.1997, Sinfoniekonzert<\/p>\t\t\t\t\t\t\t\t<\/div>\n\t\t\t\t<\/div>\n\t\t\t\t<\/div>\n\t\t<div class=\"elementor-element elementor-element-0b80dda e-con-full e-flex e-con e-child\" data-id=\"0b80dda\" data-element_type=\"container\">\n\t\t\t\t<div class=\"elementor-element elementor-element-fdea977 elementor-widget elementor-widget-image\" data-id=\"fdea977\" data-element_type=\"widget\" data-widget_type=\"image.default\">\n\t\t\t\t<div class=\"elementor-widget-container\">\n\t\t\t\t\t\t\t\t\t\t\t\t\t\t\t<img fetchpriority=\"high\" decoding=\"async\" width=\"784\" height=\"1024\" src=\"https:\/\/wppool.abenteuerbox.at\/DA_KV_Linz\/wp-content\/uploads\/2025\/01\/Harringer-Pignat_Elisabeth-2-784x1024.jpg\" class=\"attachment-large size-large wp-image-6167\" alt=\"\" srcset=\"https:\/\/wppool.abenteuerbox.at\/DA_KV_Linz\/wp-content\/uploads\/2025\/01\/Harringer-Pignat_Elisabeth-2-784x1024.jpg 784w, https:\/\/wppool.abenteuerbox.at\/DA_KV_Linz\/wp-content\/uploads\/2025\/01\/Harringer-Pignat_Elisabeth-2-230x300.jpg 230w, https:\/\/wppool.abenteuerbox.at\/DA_KV_Linz\/wp-content\/uploads\/2025\/01\/Harringer-Pignat_Elisabeth-2.jpg 1101w\" sizes=\"100vw\" \/>\t\t\t\t\t\t\t\t\t\t\t\t\t\t\t<\/div>\n\t\t\t\t<\/div>\n\t\t\t\t<\/div>\n\t\t<div class=\"elementor-element elementor-element-ac688e4 e-con-full e-flex e-con e-child\" data-id=\"ac688e4\" data-element_type=\"container\">\n\t\t\t\t<div class=\"elementor-element elementor-element-800d07a elementor-widget elementor-widget-text-editor\" data-id=\"800d07a\" data-element_type=\"widget\" data-widget_type=\"text-editor.default\">\n\t\t\t\t<div class=\"elementor-widget-container\">\n\t\t\t\t\t\t\t\t\t<p>Die 1974 in Linz geborene Geigerin Elisabeth Harringer begann im Alter von sechs Jahren bei Prof. Rudolf Hirscher am Brucknerkonservatorium. Nach dem Eintritt ins Musikgymnasium Linz studierte sie bei Prof. Josef Sabaini und wechselte 1995 an die Hochschule Wien in die Klasse von Franz Samohyl und beendete ihre Studien bei Jan Pospichal.<\/p><p>Weitere wichtige Impulse erhielt sie w\u00e4hrend eines Erasmus Austauschjahres an der Hochschule Aachen bei Charles-Andre Linale und in Meisterkursen u.a. bei Shmuel Ashkenasy, Gerhard Schulz, Ernst Kovacic und Lewis Kaplan.<\/p><p>Elisabeth Harringer ist mehrfache erste Preistr\u00e4gerin des Wettbewerbes \u00ab Jugend musiziert \u00bb und des Wettbewerbes \u00ab Das Podium \u00bb.<\/p><p>Mit 18 Jahren wurde sie im \u00ab Gustav Mahler Jugendorchester \u00bb und im \u00ab European Union Youth orchestra \u00bb aufgenommen, in dem sie mit Dirigenten wie Claudio Abbado, Sir Colin Davies, Neeme J\u00e4rvi und Mstislaw Rostropowitsch auf Tour ging.<\/p><p>Danach folgten w\u00e4hrend des Studiums Engagements als Substitutin im Bruckner Orchester Linz, den Wiener Symphonikern, im Orchester der Wiener Staatsoper und im Chamber Orchestra of Europe, im September 2000 gewann sie ihre Stelle im Orchester der Oper Z\u00fcrich unter dem damaligen Chefdirigenten Franz Welser-M\u00f6st, drei Jahre sp\u00e4ter wechselte sie ins Tonhalle Orchester Z\u00fcrich als erste Geigerin.<\/p><p>Auftritte als Solistin f\u00fchrten sie nach Tschechien, Deutschland und Spanien, mit dem \u00ab Wiener Salon Ensemble\u00bb musiziert sie bei renommierten Festivals, war als Mitglied des Stradivari Quartetts in Europa, USA und Asien unterwegs, und war mehrere Jahre Mitglied des Schweizer Oktett und der Musikbanda Franui.<\/p><p>Sie spielt eine Violine von Guiseppe Gagliano, 1803.<\/p><p>(2018)<\/p>\t\t\t\t\t\t\t\t<\/div>\n\t\t\t\t<\/div>\n\t\t\t\t<div class=\"elementor-element elementor-element-285e872 elementor-widget elementor-widget-text-editor\" data-id=\"285e872\" data-element_type=\"widget\" data-widget_type=\"text-editor.default\">\n\t\t\t\t<div class=\"elementor-widget-container\">\n\t\t\t\t\t\t\t\t\t<p style=\"text-align: right;\">\n<a href=\"javascript:history.back();\">Zur\u00fcck<\/a>\n<\/p>\t\t\t\t\t\t\t\t<\/div>\n\t\t\t\t<\/div>\n\t\t\t\t<\/div>\n\t\t\t\t\t<\/div>\n\t\t\t\t<\/div>\n\t\t\t\t<\/div>\n\t\t","protected":false},"excerpt":{"rendered":"<p>Violine Auftritte im Linzer Konzertverein: 03.04.2019, Fr\u00fchjahrskonzert29.04.2009, Fr\u00fchjahrskonzert &#8222;Hommage an Joseph Haydn&#8220; (1732-1909)12.03.1997, Sinfoniekonzert Die 1974 in Linz geborene Geigerin Elisabeth Harringer begann im Alter von sechs Jahren bei Prof. Rudolf Hirscher am Brucknerkonservatorium. Nach dem Eintritt ins Musikgymnasium Linz studierte sie bei Prof. Josef Sabaini und wechselte 1995 an die Hochschule Wien in die &hellip; <\/p>\n<p class=\"link-more\"><a href=\"https:\/\/wppool.abenteuerbox.at\/DA_KV_Linz\/?page_id=981\" class=\"more-link\">Read more<span class=\"screen-reader-text\"> &#8222;Elisabeth Harringer-Pignat&#8220;<\/span><\/a><\/p>\n","protected":false},"author":1,"featured_media":0,"parent":0,"menu_order":0,"comment_status":"closed","ping_status":"closed","template":"","meta":{"inspiro_hide_title":false,"footnotes":""},"class_list":["post-981","page","type-page","status-publish","hentry"],"_links":{"self":[{"href":"https:\/\/wppool.abenteuerbox.at\/DA_KV_Linz\/index.php?rest_route=\/wp\/v2\/pages\/981","targetHints":{"allow":["GET"]}}],"collection":[{"href":"https:\/\/wppool.abenteuerbox.at\/DA_KV_Linz\/index.php?rest_route=\/wp\/v2\/pages"}],"about":[{"href":"https:\/\/wppool.abenteuerbox.at\/DA_KV_Linz\/index.php?rest_route=\/wp\/v2\/types\/page"}],"author":[{"embeddable":true,"href":"https:\/\/wppool.abenteuerbox.at\/DA_KV_Linz\/index.php?rest_route=\/wp\/v2\/users\/1"}],"replies":[{"embeddable":true,"href":"https:\/\/wppool.abenteuerbox.at\/DA_KV_Linz\/index.php?rest_route=%2Fwp%2Fv2%2Fcomments&post=981"}],"version-history":[{"count":28,"href":"https:\/\/wppool.abenteuerbox.at\/DA_KV_Linz\/index.php?rest_route=\/wp\/v2\/pages\/981\/revisions"}],"predecessor-version":[{"id":6376,"href":"https:\/\/wppool.abenteuerbox.at\/DA_KV_Linz\/index.php?rest_route=\/wp\/v2\/pages\/981\/revisions\/6376"}],"wp:attachment":[{"href":"https:\/\/wppool.abenteuerbox.at\/DA_KV_Linz\/index.php?rest_route=%2Fwp%2Fv2%2Fmedia&parent=981"}],"curies":[{"name":"wp","href":"https:\/\/api.w.org\/{rel}","templated":true}]}}